{"id":4325,"date":"2022-12-21T06:37:28","date_gmt":"2022-12-21T11:37:28","guid":{"rendered":"https:\/\/masterapplied.ca\/marches\/"},"modified":"2023-10-27T15:10:34","modified_gmt":"2023-10-27T19:10:34","slug":"marches","status":"publish","type":"page","link":"https:\/\/masterapplied.ca\/fr\/marches\/","title":{"rendered":"March\u00e9s"},"content":{"rendered":"<div class=\"wpb-content-wrapper\"><p>[vc_row rtl_reverse=\u00a0\u00bbyes\u00a0\u00bb content_placement=\u00a0\u00bbmiddle\u00a0\u00bb el_class=\u00a0\u00bbrow-pad no-bottom-pad\u00a0\u00bb][vc_column width=\u00a0\u00bb1\/2&Prime;][vc_custom_heading text=\u00a0\u00bbCommercial\u00a0\u00bb use_theme_fonts=\u00a0\u00bbyes\u00a0\u00bb][vc_custom_heading text=\u00a0\u00bbNous fournissons une grande vari\u00e9t\u00e9 de services \u00e0 valeur ajout\u00e9e et de soutien \u00e0 nos clients commerciaux. En tirant parti de nos connaissances et de notre exp\u00e9rience, nous pouvons vous aider \u00e0 prendre des d\u00e9cisions \u00e9clair\u00e9es qui conduiront \u00e0 des r\u00e9sultats sup\u00e9rieurs pour vos projets Nous disposons d&rsquo;une large gamme de produits et de solutions et d&rsquo;un vaste inventaire de produits pour vous aider dans vos installations \u00e0 petite \u00e9chelle ou dans vos r\u00e9novations et syst\u00e8mes \u00e0 grande \u00e9chelle. Qu&rsquo;il s&rsquo;agisse d&rsquo;espaces de bureaux commerciaux, de b\u00e2timents de vente au d\u00e9tail, de logements ou d&rsquo;entrep\u00f4ts, nous pouvons vous apporter notre soutien en mati\u00e8re de logistique et de livraison, ainsi qu&rsquo;une assistance continue une fois le projet achev\u00e9, y compris des services de formation, de maintenance, de pi\u00e8ces d\u00e9tach\u00e9es et de r\u00e9paration.\u00a0\u00bb font_container=\u00a0\u00bbtag:p|text_align:left\u00a0\u00bb use_theme_fonts=\u00a0\u00bbyes\u00a0\u00bb][\/vc_column][vc_column width=\u00a0\u00bb1\/2&Prime;][vc_single_image image=\u00a0\u00bb212&Prime; img_size=\u00a0\u00bbfull\u00a0\u00bb css_animation=\u00a0\u00bbnone\u00a0\u00bb][\/vc_column][\/vc_row][vc_row content_placement=\u00a0\u00bbmiddle\u00a0\u00bb el_class=\u00a0\u00bbrow-pad no-bottom-pad\u00a0\u00bb][vc_column width=\u00a0\u00bb1\/2&Prime;][vc_single_image image=\u00a0\u00bb213&Prime; img_size=\u00a0\u00bbfull\u00a0\u00bb css_animation=\u00a0\u00bbnone\u00a0\u00bb][\/vc_column][vc_column width=\u00a0\u00bb1\/2&Prime;][vc_custom_heading text=\u00a0\u00bbInstitutionnel\u00a0\u00bb use_theme_fonts=\u00a0\u00bbyes\u00a0\u00bb][vc_custom_heading text=\u00a0\u00bbPour nos clients institutionnels, qui comprennent un large \u00e9ventail d&rsquo;installations telles que les \u00e9coles, les h\u00f4pitaux, les b\u00e2timents gouvernementaux, les universit\u00e9s, les installations de recherche, etc, nous offrons une s\u00e9lection compl\u00e8te de produits rentables avec notre proposition de valeur unique qui nous permet de soutenir vos projets de petite, moyenne, grande et tr\u00e8s grande envergure. Master vous aidera \u00e0 atteindre les objectifs \u00e9conomiques et de performance de vos projets, permettant \u00e0 ces b\u00e2timents institutionnels de fournir un environnement int\u00e9rieur sain, confortable et efficace.\u00a0\u00bb font_container=\u00a0\u00bbtag:p|text_align:left\u00a0\u00bb use_theme_fonts=\u00a0\u00bbyes\u00a0\u00bb][\/vc_column][\/vc_row][vc_row rtl_reverse=\u00a0\u00bbyes\u00a0\u00bb content_placement=\u00a0\u00bbmiddle\u00a0\u00bb el_class=\u00a0\u00bbrow-pad no-bottom-pad\u00a0\u00bb][vc_column width=\u00a0\u00bb1\/2&Prime;][vc_custom_heading text=\u00a0\u00bbIndustriel\u00a0\u00bb use_theme_fonts=\u00a0\u00bbyes\u00a0\u00bb][vc_custom_heading text=\u00a0\u00bbNous avons \u00e9galement des ann\u00e9es d&rsquo;exp\u00e9rience sur le march\u00e9 industriel, en aidant nos clients \u00e0 concevoir des syst\u00e8mes robustes qui leur permettront de tirer le meilleur parti de leurs syst\u00e8mes CVCA-R. Nous avons fourni des syst\u00e8mes et des \u00e9quipements de haute qualit\u00e9 pour les usines de traitement des eaux us\u00e9es, l&rsquo;industrie manufacturi\u00e8re, l&rsquo;industrie alimentaire et des boissons, l&rsquo;industrie pharmaceutique et des sciences de la vie, ainsi que pour d&rsquo;autres applications critiques Nous proposons des conceptions personnalis\u00e9es et des solutions techniques adapt\u00e9es \u00e0 votre application sp\u00e9cifique afin de maximiser les \u00e9conomies d&rsquo;\u00e9nergie, de r\u00e9duire les temps d&rsquo;arr\u00eat et de minimiser les co\u00fbts de maintenance.\u00a0\u00bb font_container=\u00a0\u00bbtag:p|text_align:left\u00a0\u00bb use_theme_fonts=\u00a0\u00bbyes\u00a0\u00bb][\/vc_column][vc_column width=\u00a0\u00bb1\/2&Prime;][vc_single_image image=\u00a0\u00bb214&Prime; img_size=\u00a0\u00bbfull\u00a0\u00bb css_animation=\u00a0\u00bbnone\u00a0\u00bb][\/vc_column][\/vc_row]<\/p>\n<\/div>","protected":false},"excerpt":{"rendered":"<p>[vc_row rtl_reverse=\u00a0\u00bbyes\u00a0\u00bb content_placement=\u00a0\u00bbmiddle\u00a0\u00bb el_class=\u00a0\u00bbrow-pad no-bottom-pad\u00a0\u00bb][vc_column width=\u00a0\u00bb1\/2&Prime;][vc_custom_heading text=\u00a0\u00bbCommercial\u00a0\u00bb use_theme_fonts=\u00a0\u00bbyes\u00a0\u00bb][vc_custom_heading text=\u00a0\u00bbNous fournissons une grande vari\u00e9t\u00e9 de services \u00e0 valeur ajout\u00e9e et de soutien \u00e0 nos clients commerciaux. En tirant parti de nos connaissances et de notre exp\u00e9rience, nous pouvons vous aider \u00e0 prendre des d\u00e9cisions \u00e9clair\u00e9es qui conduiront \u00e0 des r\u00e9sultats sup\u00e9rieurs pour vos projets Nous disposons &#8230; <a title=\"March\u00e9s\" class=\"read-more\" href=\"https:\/\/masterapplied.ca\/fr\/marches\/\" aria-label=\"More on March\u00e9s\">Lire la suite<\/a><\/p>\n","protected":false},"author":2,"featured_media":3460,"parent":0,"menu_order":0,"comment_status":"closed","ping_status":"closed","template":"","meta":{"_acf_changed":false,"footnotes":""},"class_list":["post-4325","page","type-page","status-publish","has-post-thumbnail"],"acf":[],"yoast_head":"<!-- This site is optimized with the Yoast SEO plugin v27.3 - https:\/\/yoast.com\/product\/yoast-seo-wordpress\/ -->\n<title>March\u00e9s - Master Business Solutions<\/title>\n<meta name=\"robots\" content=\"index, follow, max-snippet:-1, max-image-preview:large, max-video-preview:-1\" \/>\n<link rel=\"canonical\" href=\"https:\/\/masterapplied.ca\/markets\/\" \/>\n<meta property=\"og:locale\" content=\"fr_FR\" \/>\n<meta property=\"og:type\" content=\"article\" \/>\n<meta property=\"og:title\" content=\"March\u00e9s - Master Business Solutions\" \/>\n<meta property=\"og:description\" content=\"[vc_row rtl_reverse=\u00a0\u00bbyes\u00a0\u00bb content_placement=\u00a0\u00bbmiddle\u00a0\u00bb el_class=\u00a0\u00bbrow-pad no-bottom-pad\u00a0\u00bb][vc_column width=\u00a0\u00bb1\/2&Prime;][vc_custom_heading text=\u00a0\u00bbCommercial\u00a0\u00bb use_theme_fonts=\u00a0\u00bbyes\u00a0\u00bb][vc_custom_heading text=\u00a0\u00bbNous fournissons une grande vari\u00e9t\u00e9 de services \u00e0 valeur ajout\u00e9e et de soutien \u00e0 nos clients commerciaux. En tirant parti de nos connaissances et de notre exp\u00e9rience, nous pouvons vous aider \u00e0 prendre des d\u00e9cisions \u00e9clair\u00e9es qui conduiront \u00e0 des r\u00e9sultats sup\u00e9rieurs pour vos projets Nous disposons ... Lire la suite\" \/>\n<meta property=\"og:url\" content=\"https:\/\/masterapplied.ca\/markets\/\" \/>\n<meta property=\"og:site_name\" content=\"Master Business Solutions\" \/>\n<meta property=\"article:modified_time\" content=\"2023-10-27T19:10:34+00:00\" \/>\n<meta property=\"og:image\" content=\"https:\/\/masterapplied.ca\/wp-content\/uploads\/2023\/02\/Market_Heading_Banner_1920x250.jpg\" \/>\n\t<meta property=\"og:image:width\" content=\"1920\" \/>\n\t<meta property=\"og:image:height\" content=\"250\" \/>\n\t<meta property=\"og:image:type\" content=\"image\/jpeg\" \/>\n<meta name=\"twitter:card\" content=\"summary_large_image\" \/>\n<meta name=\"twitter:label1\" content=\"Dur\u00e9e de lecture estim\u00e9e\" \/>\n\t<meta name=\"twitter:data1\" content=\"2 minutes\" \/>\n<script type=\"application\/ld+json\" class=\"yoast-schema-graph\">{\"@context\":\"https:\\\/\\\/schema.org\",\"@graph\":[{\"@type\":\"WebPage\",\"@id\":\"https:\\\/\\\/masterapplied.ca\\\/markets\\\/\",\"url\":\"https:\\\/\\\/masterapplied.ca\\\/markets\\\/\",\"name\":\"March\u00e9s - Master Business Solutions\",\"isPartOf\":{\"@id\":\"https:\\\/\\\/masterapplied.ca\\\/#website\"},\"primaryImageOfPage\":{\"@id\":\"https:\\\/\\\/masterapplied.ca\\\/markets\\\/#primaryimage\"},\"image\":{\"@id\":\"https:\\\/\\\/masterapplied.ca\\\/markets\\\/#primaryimage\"},\"thumbnailUrl\":\"https:\\\/\\\/masterapplied.ca\\\/wp-content\\\/uploads\\\/2023\\\/02\\\/Market_Heading_Banner_1920x250.jpg\",\"datePublished\":\"2022-12-21T11:37:28+00:00\",\"dateModified\":\"2023-10-27T19:10:34+00:00\",\"breadcrumb\":{\"@id\":\"https:\\\/\\\/masterapplied.ca\\\/markets\\\/#breadcrumb\"},\"inLanguage\":\"fr-FR\",\"potentialAction\":[{\"@type\":\"ReadAction\",\"target\":[\"https:\\\/\\\/masterapplied.ca\\\/markets\\\/\"]}]},{\"@type\":\"ImageObject\",\"inLanguage\":\"fr-FR\",\"@id\":\"https:\\\/\\\/masterapplied.ca\\\/markets\\\/#primaryimage\",\"url\":\"https:\\\/\\\/masterapplied.ca\\\/wp-content\\\/uploads\\\/2023\\\/02\\\/Market_Heading_Banner_1920x250.jpg\",\"contentUrl\":\"https:\\\/\\\/masterapplied.ca\\\/wp-content\\\/uploads\\\/2023\\\/02\\\/Market_Heading_Banner_1920x250.jpg\",\"width\":1920,\"height\":250},{\"@type\":\"BreadcrumbList\",\"@id\":\"https:\\\/\\\/masterapplied.ca\\\/markets\\\/#breadcrumb\",\"itemListElement\":[{\"@type\":\"ListItem\",\"position\":1,\"name\":\"Home\",\"item\":\"https:\\\/\\\/masterapplied.ca\\\/fr\\\/\"},{\"@type\":\"ListItem\",\"position\":2,\"name\":\"March\u00e9s\"}]},{\"@type\":\"WebSite\",\"@id\":\"https:\\\/\\\/masterapplied.ca\\\/#website\",\"url\":\"https:\\\/\\\/masterapplied.ca\\\/\",\"name\":\"Master Business Solutions\",\"description\":\"\",\"publisher\":{\"@id\":\"https:\\\/\\\/masterapplied.ca\\\/#organization\"},\"potentialAction\":[{\"@type\":\"SearchAction\",\"target\":{\"@type\":\"EntryPoint\",\"urlTemplate\":\"https:\\\/\\\/masterapplied.ca\\\/?s={search_term_string}\"},\"query-input\":{\"@type\":\"PropertyValueSpecification\",\"valueRequired\":true,\"valueName\":\"search_term_string\"}}],\"inLanguage\":\"fr-FR\"},{\"@type\":\"Organization\",\"@id\":\"https:\\\/\\\/masterapplied.ca\\\/#organization\",\"name\":\"Master Business Solutions\",\"url\":\"https:\\\/\\\/masterapplied.ca\\\/\",\"logo\":{\"@type\":\"ImageObject\",\"inLanguage\":\"fr-FR\",\"@id\":\"https:\\\/\\\/masterapplied.ca\\\/#\\\/schema\\\/logo\\\/image\\\/\",\"url\":\"https:\\\/\\\/masterapplied.ca\\\/wp-content\\\/uploads\\\/2023\\\/12\\\/logo_master_business_solution_EN599.webp\",\"contentUrl\":\"https:\\\/\\\/masterapplied.ca\\\/wp-content\\\/uploads\\\/2023\\\/12\\\/logo_master_business_solution_EN599.webp\",\"width\":298,\"height\":126,\"caption\":\"Master Business Solutions\"},\"image\":{\"@id\":\"https:\\\/\\\/masterapplied.ca\\\/#\\\/schema\\\/logo\\\/image\\\/\"}}]}<\/script>\n<!-- \/ Yoast SEO plugin. -->","yoast_head_json":{"title":"March\u00e9s - Master Business Solutions","robots":{"index":"index","follow":"follow","max-snippet":"max-snippet:-1","max-image-preview":"max-image-preview:large","max-video-preview":"max-video-preview:-1"},"canonical":"https:\/\/masterapplied.ca\/markets\/","og_locale":"fr_FR","og_type":"article","og_title":"March\u00e9s - Master Business Solutions","og_description":"[vc_row rtl_reverse=\u00a0\u00bbyes\u00a0\u00bb content_placement=\u00a0\u00bbmiddle\u00a0\u00bb el_class=\u00a0\u00bbrow-pad no-bottom-pad\u00a0\u00bb][vc_column width=\u00a0\u00bb1\/2&Prime;][vc_custom_heading text=\u00a0\u00bbCommercial\u00a0\u00bb use_theme_fonts=\u00a0\u00bbyes\u00a0\u00bb][vc_custom_heading text=\u00a0\u00bbNous fournissons une grande vari\u00e9t\u00e9 de services \u00e0 valeur ajout\u00e9e et de soutien \u00e0 nos clients commerciaux. En tirant parti de nos connaissances et de notre exp\u00e9rience, nous pouvons vous aider \u00e0 prendre des d\u00e9cisions \u00e9clair\u00e9es qui conduiront \u00e0 des r\u00e9sultats sup\u00e9rieurs pour vos projets Nous disposons ... Lire la suite","og_url":"https:\/\/masterapplied.ca\/markets\/","og_site_name":"Master Business Solutions","article_modified_time":"2023-10-27T19:10:34+00:00","og_image":[{"width":1920,"height":250,"url":"https:\/\/masterapplied.ca\/wp-content\/uploads\/2023\/02\/Market_Heading_Banner_1920x250.jpg","type":"image\/jpeg"}],"twitter_card":"summary_large_image","twitter_misc":{"Dur\u00e9e de lecture estim\u00e9e":"2 minutes"},"schema":{"@context":"https:\/\/schema.org","@graph":[{"@type":"WebPage","@id":"https:\/\/masterapplied.ca\/markets\/","url":"https:\/\/masterapplied.ca\/markets\/","name":"March\u00e9s - Master Business Solutions","isPartOf":{"@id":"https:\/\/masterapplied.ca\/#website"},"primaryImageOfPage":{"@id":"https:\/\/masterapplied.ca\/markets\/#primaryimage"},"image":{"@id":"https:\/\/masterapplied.ca\/markets\/#primaryimage"},"thumbnailUrl":"https:\/\/masterapplied.ca\/wp-content\/uploads\/2023\/02\/Market_Heading_Banner_1920x250.jpg","datePublished":"2022-12-21T11:37:28+00:00","dateModified":"2023-10-27T19:10:34+00:00","breadcrumb":{"@id":"https:\/\/masterapplied.ca\/markets\/#breadcrumb"},"inLanguage":"fr-FR","potentialAction":[{"@type":"ReadAction","target":["https:\/\/masterapplied.ca\/markets\/"]}]},{"@type":"ImageObject","inLanguage":"fr-FR","@id":"https:\/\/masterapplied.ca\/markets\/#primaryimage","url":"https:\/\/masterapplied.ca\/wp-content\/uploads\/2023\/02\/Market_Heading_Banner_1920x250.jpg","contentUrl":"https:\/\/masterapplied.ca\/wp-content\/uploads\/2023\/02\/Market_Heading_Banner_1920x250.jpg","width":1920,"height":250},{"@type":"BreadcrumbList","@id":"https:\/\/masterapplied.ca\/markets\/#breadcrumb","itemListElement":[{"@type":"ListItem","position":1,"name":"Home","item":"https:\/\/masterapplied.ca\/fr\/"},{"@type":"ListItem","position":2,"name":"March\u00e9s"}]},{"@type":"WebSite","@id":"https:\/\/masterapplied.ca\/#website","url":"https:\/\/masterapplied.ca\/","name":"Master Business Solutions","description":"","publisher":{"@id":"https:\/\/masterapplied.ca\/#organization"},"potentialAction":[{"@type":"SearchAction","target":{"@type":"EntryPoint","urlTemplate":"https:\/\/masterapplied.ca\/?s={search_term_string}"},"query-input":{"@type":"PropertyValueSpecification","valueRequired":true,"valueName":"search_term_string"}}],"inLanguage":"fr-FR"},{"@type":"Organization","@id":"https:\/\/masterapplied.ca\/#organization","name":"Master Business Solutions","url":"https:\/\/masterapplied.ca\/","logo":{"@type":"ImageObject","inLanguage":"fr-FR","@id":"https:\/\/masterapplied.ca\/#\/schema\/logo\/image\/","url":"https:\/\/masterapplied.ca\/wp-content\/uploads\/2023\/12\/logo_master_business_solution_EN599.webp","contentUrl":"https:\/\/masterapplied.ca\/wp-content\/uploads\/2023\/12\/logo_master_business_solution_EN599.webp","width":298,"height":126,"caption":"Master Business Solutions"},"image":{"@id":"https:\/\/masterapplied.ca\/#\/schema\/logo\/image\/"}}]}},"_links":{"self":[{"href":"https:\/\/masterapplied.ca\/fr\/wp-json\/wp\/v2\/pages\/4325","targetHints":{"allow":["GET"]}}],"collection":[{"href":"https:\/\/masterapplied.ca\/fr\/wp-json\/wp\/v2\/pages"}],"about":[{"href":"https:\/\/masterapplied.ca\/fr\/wp-json\/wp\/v2\/types\/page"}],"author":[{"embeddable":true,"href":"https:\/\/masterapplied.ca\/fr\/wp-json\/wp\/v2\/users\/2"}],"replies":[{"embeddable":true,"href":"https:\/\/masterapplied.ca\/fr\/wp-json\/wp\/v2\/comments?post=4325"}],"version-history":[{"count":6,"href":"https:\/\/masterapplied.ca\/fr\/wp-json\/wp\/v2\/pages\/4325\/revisions"}],"predecessor-version":[{"id":5626,"href":"https:\/\/masterapplied.ca\/fr\/wp-json\/wp\/v2\/pages\/4325\/revisions\/5626"}],"wp:featuredmedia":[{"embeddable":true,"href":"https:\/\/masterapplied.ca\/fr\/wp-json\/wp\/v2\/media\/3460"}],"wp:attachment":[{"href":"https:\/\/masterapplied.ca\/fr\/wp-json\/wp\/v2\/media?parent=4325"}],"curies":[{"name":"wp","href":"https:\/\/api.w.org\/{rel}","templated":true}]}}