{"id":4335,"date":"2022-11-30T05:54:28","date_gmt":"2022-11-30T10:54:28","guid":{"rendered":"https:\/\/masterapplied.ca\/home\/"},"modified":"2023-11-07T00:01:01","modified_gmt":"2023-11-07T05:01:01","slug":"home","status":"publish","type":"page","link":"https:\/\/masterapplied.ca\/fr\/home\/","title":{"rendered":"Home"},"content":{"rendered":"<div class=\"wpb-content-wrapper\"><p>[vc_row el_class=\u00a0\u00bbrow-pad no-bottom-pad\u00a0\u00bb css=\u00a0\u00bb.vc_custom_1688019307870{padding-bottom: 30px !important;}\u00a0\u00bb][vc_column][vc_column_text]<\/p>\n<p style=\"text-align: center;\">Master b\u00e9n\u00e9ficie d&rsquo;une solide r\u00e9putation d&rsquo;excellence sur le march\u00e9. La combinaison de la ventilation et de la distribution d&rsquo;air, des unit\u00e9s de toits commerciales et industrielles, du chauffage, de l&rsquo;hydronique et de la r\u00e9frig\u00e9ration, ainsi que notre vaste r\u00e9seau de distribution r\u00e9sidentiel\/grossiste, cr\u00e9e une proposition de valeur puissante et unique pour nos clients et nos partenaires et a fait de nous le joueur dominant du CVCA-R au Canada.<\/p>\n<p style=\"text-align: center;\">Notre \u00e9quipe Solutions d&rsquo;Affaires s&rsquo;engage \u00e0 fournir des \u00e9quipements CVCA-R de premi\u00e8re qualit\u00e9 \u00e0 des clients hautement sp\u00e9cialis\u00e9s et sophistiqu\u00e9s sur les march\u00e9s commerciaux, industriels et institutionnels haut de gamme.<\/p>\n<p>[\/vc_column_text][\/vc_column][\/vc_row][vc_row el_class=\u00a0\u00bbrow-pad no-bottom-pad\u00a0\u00bb css=\u00a0\u00bb.vc_custom_1693976179462{padding-top: 0px !important;padding-bottom: 30px !important;}\u00a0\u00bb][vc_column][vc_column_text]<\/p>\n<p style=\"text-align: center;\"><strong>Gr\u00e2ce \u00e0 nos relations exclusives de longue date avec des fournisseurs de premier plan, nous sommes fiers de proposer des produits dans tous les principaux segments de march\u00e9.<\/strong><\/p>\n<p>[\/vc_column_text][\/vc_column][\/vc_row][vc_row][vc_column][vc_custom_heading text=\u00a0\u00bbPRODUITS SP\u00c9CIALIS\u00c9S\u00a0\u00bb use_theme_fonts=\u00a0\u00bbyes\u00a0\u00bb el_class=\u00a0\u00bbproduct-heading\u00a0\u00bb][vc_column_text]<\/p>\n<ul>\n<li>Industriel<\/li>\n<li>Contr\u00f4le des vibrations et du bruit<\/li>\n<li>Centrales de traitement d&rsquo;air sur mesure<\/li>\n<li>Unit\u00e9s d&rsquo;air d&rsquo;appoint (MUA)<\/li>\n<li>R\u00e9cup\u00e9ration d&rsquo;\u00e9nergie sur mesure<\/li>\n<li>Syst\u00e8mes d&rsquo;air ext\u00e9rieur\u00a0(DOAS)<\/li>\n<li>Ventilo-convecteurs (FCU)<\/li>\n<li>D\u00e9bit de r\u00e9frig\u00e9rant variable (VRF)<\/li>\n<li>Pompes \u00e0 chaleur<\/li>\n<li>Refroidisseurs<\/li>\n<li>R\u00e9frig\u00e9ration<\/li>\n<\/ul>\n<p>[\/vc_column_text][vc_column_text][\/vc_column_text][vc_custom_heading text=\u00a0\u00bbVENTILATION\u00a0\u00bb use_theme_fonts=\u00a0\u00bbyes\u00a0\u00bb el_class=\u00a0\u00bbproduct-heading\u00a0\u00bb][vc_column_text]<\/p>\n<ul>\n<li>Ventilateurs commerciaux<\/li>\n<li>Ventilateurs industriels<\/li>\n<li>Ventilateurs de laboratoire<\/li>\n<li>D\u00e9stratification Ventilateurs de plafond<\/li>\n<li>Ventilateurs<\/li>\n<li>Technologie FANWALL<\/li>\n<li>VRE\/VRE standard<\/li>\n<li>Conduits<\/li>\n<li>Grilles et diffuseurs<\/li>\n<li>Amortisseurs et bo\u00eetes VAV<\/li>\n<li>Silencieux et isolation<\/li>\n<li>Syst\u00e8mes d&rsquo;\u00e9chappement des v\u00e9hicules<\/li>\n<\/ul>\n<p>[\/vc_column_text][vc_column_text][\/vc_column_text][vc_custom_heading text=\u00a0\u00bbCHAUFFAGE ET HYDRONIQUE\u00a0\u00bb use_theme_fonts=\u00a0\u00bbyes\u00a0\u00bb el_class=\u00a0\u00bbproduct-heading\u00a0\u00bb][vc_column_text]<\/p>\n<ul>\n<li>Serpentins<\/li>\n<li>Unit\u00e9s de chauffage<\/li>\n<li>Rideaux d&rsquo;air<\/li>\n<li>Chauffages radiants<\/li>\n<li>Chauffe-eau<\/li>\n<li>Chaudi\u00e8res<\/li>\n<li>R\u00e9servoirs de stockage<\/li>\n<li>Pompes<\/li>\n<li>Ventilateurs d&rsquo;unit\u00e9<\/li>\n<li>Armoires chauffantes<\/li>\n<\/ul>\n<p>[\/vc_column_text][vc_column_text][\/vc_column_text][vc_custom_heading text=\u00a0\u00bbCOMMERCIAL\u00a0\u00bb use_theme_fonts=\u00a0\u00bbyes\u00a0\u00bb el_class=\u00a0\u00bbproduct-heading\u00a0\u00bb][vc_column_text]<\/p>\n<ul>\n<li>Unit\u00e9s de toit standards (moins de 25T)<\/li>\n<li>Unit\u00e9s de toit (25T+)<\/li>\n<li>Contr\u00f4les VERASYS<\/li>\n<\/ul>\n<p>[\/vc_column_text][vc_column_text][\/vc_column_text][vc_custom_heading text=\u00a0\u00bbR\u00c9FRIG\u00c9RATION\u00a0\u00bb use_theme_fonts=\u00a0\u00bbyes\u00a0\u00bb el_class=\u00a0\u00bbproduct-heading\u00a0\u00bb][vc_column_text]<\/p>\n<ul>\n<li>\u00c9vaporateurs, condenseurs, refroidisseurs de fluides<\/li>\n<li>Groupes de condensation, rayonnages<\/li>\n<li>Machines \u00e0 glace<\/li>\n<li>Chambres froides<\/li>\n<li>Compresseurs, vannes et commandes.<\/li>\n<\/ul>\n<p>[\/vc_column_text][\/vc_column][\/vc_row]<\/p>\n<\/div>","protected":false},"excerpt":{"rendered":"<p>[vc_row el_class=\u00a0\u00bbrow-pad no-bottom-pad\u00a0\u00bb css=\u00a0\u00bb.vc_custom_1688019307870{padding-bottom: 30px !important;}\u00a0\u00bb][vc_column][vc_column_text] Master b\u00e9n\u00e9ficie d&rsquo;une solide r\u00e9putation d&rsquo;excellence sur le march\u00e9. La combinaison de la ventilation et de la distribution d&rsquo;air, des unit\u00e9s de toits commerciales et industrielles, du chauffage, de l&rsquo;hydronique et de la r\u00e9frig\u00e9ration, ainsi que notre vaste r\u00e9seau de distribution r\u00e9sidentiel\/grossiste, cr\u00e9e une proposition de valeur puissante et &#8230; <a title=\"Home\" class=\"read-more\" href=\"https:\/\/masterapplied.ca\/fr\/home\/\" aria-label=\"More on Home\">Lire la suite<\/a><\/p>\n","protected":false},"author":2,"featured_media":0,"parent":0,"menu_order":0,"comment_status":"closed","ping_status":"closed","template":"","meta":{"_acf_changed":false,"footnotes":""},"class_list":["post-4335","page","type-page","status-publish"],"acf":[],"yoast_head":"<!-- This site is optimized with the Yoast SEO plugin v27.3 - https:\/\/yoast.com\/product\/yoast-seo-wordpress\/ -->\n<title>Home - Master Business Solutions<\/title>\n<meta name=\"robots\" content=\"index, follow, max-snippet:-1, max-image-preview:large, max-video-preview:-1\" \/>\n<link rel=\"canonical\" href=\"https:\/\/masterapplied.ca\/home\/\" \/>\n<meta property=\"og:locale\" content=\"fr_FR\" \/>\n<meta property=\"og:type\" content=\"article\" \/>\n<meta property=\"og:title\" content=\"Home - Master Business Solutions\" \/>\n<meta property=\"og:description\" content=\"[vc_row el_class=\u00a0\u00bbrow-pad no-bottom-pad\u00a0\u00bb css=\u00a0\u00bb.vc_custom_1688019307870{padding-bottom: 30px !important;}\u00a0\u00bb][vc_column][vc_column_text] Master b\u00e9n\u00e9ficie d&rsquo;une solide r\u00e9putation d&rsquo;excellence sur le march\u00e9. La combinaison de la ventilation et de la distribution d&rsquo;air, des unit\u00e9s de toits commerciales et industrielles, du chauffage, de l&rsquo;hydronique et de la r\u00e9frig\u00e9ration, ainsi que notre vaste r\u00e9seau de distribution r\u00e9sidentiel\/grossiste, cr\u00e9e une proposition de valeur puissante et ... Lire la suite\" \/>\n<meta property=\"og:url\" content=\"https:\/\/masterapplied.ca\/home\/\" \/>\n<meta property=\"og:site_name\" content=\"Master Business Solutions\" \/>\n<meta property=\"article:modified_time\" content=\"2023-11-07T05:01:01+00:00\" \/>\n<meta name=\"twitter:card\" content=\"summary_large_image\" \/>\n<meta name=\"twitter:label1\" content=\"Dur\u00e9e de lecture estim\u00e9e\" \/>\n\t<meta name=\"twitter:data1\" content=\"2 minutes\" \/>\n<script type=\"application\/ld+json\" class=\"yoast-schema-graph\">{\"@context\":\"https:\\\/\\\/schema.org\",\"@graph\":[{\"@type\":\"WebPage\",\"@id\":\"https:\\\/\\\/masterapplied.ca\\\/home\\\/\",\"url\":\"https:\\\/\\\/masterapplied.ca\\\/home\\\/\",\"name\":\"Home - Master Business Solutions\",\"isPartOf\":{\"@id\":\"https:\\\/\\\/masterapplied.ca\\\/#website\"},\"datePublished\":\"2022-11-30T10:54:28+00:00\",\"dateModified\":\"2023-11-07T05:01:01+00:00\",\"breadcrumb\":{\"@id\":\"https:\\\/\\\/masterapplied.ca\\\/home\\\/#breadcrumb\"},\"inLanguage\":\"fr-FR\",\"potentialAction\":[{\"@type\":\"ReadAction\",\"target\":[\"https:\\\/\\\/masterapplied.ca\\\/home\\\/\"]}]},{\"@type\":\"BreadcrumbList\",\"@id\":\"https:\\\/\\\/masterapplied.ca\\\/home\\\/#breadcrumb\",\"itemListElement\":[{\"@type\":\"ListItem\",\"position\":1,\"name\":\"Home\",\"item\":\"https:\\\/\\\/masterapplied.ca\\\/fr\\\/\"},{\"@type\":\"ListItem\",\"position\":2,\"name\":\"Home\"}]},{\"@type\":\"WebSite\",\"@id\":\"https:\\\/\\\/masterapplied.ca\\\/#website\",\"url\":\"https:\\\/\\\/masterapplied.ca\\\/\",\"name\":\"Master Business Solutions\",\"description\":\"\",\"publisher\":{\"@id\":\"https:\\\/\\\/masterapplied.ca\\\/#organization\"},\"potentialAction\":[{\"@type\":\"SearchAction\",\"target\":{\"@type\":\"EntryPoint\",\"urlTemplate\":\"https:\\\/\\\/masterapplied.ca\\\/?s={search_term_string}\"},\"query-input\":{\"@type\":\"PropertyValueSpecification\",\"valueRequired\":true,\"valueName\":\"search_term_string\"}}],\"inLanguage\":\"fr-FR\"},{\"@type\":\"Organization\",\"@id\":\"https:\\\/\\\/masterapplied.ca\\\/#organization\",\"name\":\"Master Business Solutions\",\"url\":\"https:\\\/\\\/masterapplied.ca\\\/\",\"logo\":{\"@type\":\"ImageObject\",\"inLanguage\":\"fr-FR\",\"@id\":\"https:\\\/\\\/masterapplied.ca\\\/#\\\/schema\\\/logo\\\/image\\\/\",\"url\":\"https:\\\/\\\/masterapplied.ca\\\/wp-content\\\/uploads\\\/2023\\\/12\\\/logo_master_business_solution_EN599.webp\",\"contentUrl\":\"https:\\\/\\\/masterapplied.ca\\\/wp-content\\\/uploads\\\/2023\\\/12\\\/logo_master_business_solution_EN599.webp\",\"width\":298,\"height\":126,\"caption\":\"Master Business Solutions\"},\"image\":{\"@id\":\"https:\\\/\\\/masterapplied.ca\\\/#\\\/schema\\\/logo\\\/image\\\/\"}}]}<\/script>\n<!-- \/ Yoast SEO plugin. -->","yoast_head_json":{"title":"Home - Master Business Solutions","robots":{"index":"index","follow":"follow","max-snippet":"max-snippet:-1","max-image-preview":"max-image-preview:large","max-video-preview":"max-video-preview:-1"},"canonical":"https:\/\/masterapplied.ca\/home\/","og_locale":"fr_FR","og_type":"article","og_title":"Home - Master Business Solutions","og_description":"[vc_row el_class=\u00a0\u00bbrow-pad no-bottom-pad\u00a0\u00bb css=\u00a0\u00bb.vc_custom_1688019307870{padding-bottom: 30px !important;}\u00a0\u00bb][vc_column][vc_column_text] Master b\u00e9n\u00e9ficie d&rsquo;une solide r\u00e9putation d&rsquo;excellence sur le march\u00e9. La combinaison de la ventilation et de la distribution d&rsquo;air, des unit\u00e9s de toits commerciales et industrielles, du chauffage, de l&rsquo;hydronique et de la r\u00e9frig\u00e9ration, ainsi que notre vaste r\u00e9seau de distribution r\u00e9sidentiel\/grossiste, cr\u00e9e une proposition de valeur puissante et ... Lire la suite","og_url":"https:\/\/masterapplied.ca\/home\/","og_site_name":"Master Business Solutions","article_modified_time":"2023-11-07T05:01:01+00:00","twitter_card":"summary_large_image","twitter_misc":{"Dur\u00e9e de lecture estim\u00e9e":"2 minutes"},"schema":{"@context":"https:\/\/schema.org","@graph":[{"@type":"WebPage","@id":"https:\/\/masterapplied.ca\/home\/","url":"https:\/\/masterapplied.ca\/home\/","name":"Home - Master Business Solutions","isPartOf":{"@id":"https:\/\/masterapplied.ca\/#website"},"datePublished":"2022-11-30T10:54:28+00:00","dateModified":"2023-11-07T05:01:01+00:00","breadcrumb":{"@id":"https:\/\/masterapplied.ca\/home\/#breadcrumb"},"inLanguage":"fr-FR","potentialAction":[{"@type":"ReadAction","target":["https:\/\/masterapplied.ca\/home\/"]}]},{"@type":"BreadcrumbList","@id":"https:\/\/masterapplied.ca\/home\/#breadcrumb","itemListElement":[{"@type":"ListItem","position":1,"name":"Home","item":"https:\/\/masterapplied.ca\/fr\/"},{"@type":"ListItem","position":2,"name":"Home"}]},{"@type":"WebSite","@id":"https:\/\/masterapplied.ca\/#website","url":"https:\/\/masterapplied.ca\/","name":"Master Business Solutions","description":"","publisher":{"@id":"https:\/\/masterapplied.ca\/#organization"},"potentialAction":[{"@type":"SearchAction","target":{"@type":"EntryPoint","urlTemplate":"https:\/\/masterapplied.ca\/?s={search_term_string}"},"query-input":{"@type":"PropertyValueSpecification","valueRequired":true,"valueName":"search_term_string"}}],"inLanguage":"fr-FR"},{"@type":"Organization","@id":"https:\/\/masterapplied.ca\/#organization","name":"Master Business Solutions","url":"https:\/\/masterapplied.ca\/","logo":{"@type":"ImageObject","inLanguage":"fr-FR","@id":"https:\/\/masterapplied.ca\/#\/schema\/logo\/image\/","url":"https:\/\/masterapplied.ca\/wp-content\/uploads\/2023\/12\/logo_master_business_solution_EN599.webp","contentUrl":"https:\/\/masterapplied.ca\/wp-content\/uploads\/2023\/12\/logo_master_business_solution_EN599.webp","width":298,"height":126,"caption":"Master Business Solutions"},"image":{"@id":"https:\/\/masterapplied.ca\/#\/schema\/logo\/image\/"}}]}},"_links":{"self":[{"href":"https:\/\/masterapplied.ca\/fr\/wp-json\/wp\/v2\/pages\/4335","targetHints":{"allow":["GET"]}}],"collection":[{"href":"https:\/\/masterapplied.ca\/fr\/wp-json\/wp\/v2\/pages"}],"about":[{"href":"https:\/\/masterapplied.ca\/fr\/wp-json\/wp\/v2\/types\/page"}],"author":[{"embeddable":true,"href":"https:\/\/masterapplied.ca\/fr\/wp-json\/wp\/v2\/users\/2"}],"replies":[{"embeddable":true,"href":"https:\/\/masterapplied.ca\/fr\/wp-json\/wp\/v2\/comments?post=4335"}],"version-history":[{"count":14,"href":"https:\/\/masterapplied.ca\/fr\/wp-json\/wp\/v2\/pages\/4335\/revisions"}],"predecessor-version":[{"id":5692,"href":"https:\/\/masterapplied.ca\/fr\/wp-json\/wp\/v2\/pages\/4335\/revisions\/5692"}],"wp:attachment":[{"href":"https:\/\/masterapplied.ca\/fr\/wp-json\/wp\/v2\/media?parent=4335"}],"curies":[{"name":"wp","href":"https:\/\/api.w.org\/{rel}","templated":true}]}}