{"id":4419,"date":"2023-01-06T05:10:37","date_gmt":"2023-01-06T10:10:37","guid":{"rendered":"https:\/\/masterapplied.ca\/actualites-et-informations\/"},"modified":"2026-02-06T14:09:36","modified_gmt":"2026-02-06T19:09:36","slug":"actualites-et-informations","status":"publish","type":"page","link":"https:\/\/masterapplied.ca\/fr\/actualites-et-informations\/","title":{"rendered":"Actualit\u00e9s"},"content":{"rendered":"<div class=\"wpb-content-wrapper\"><p>[vc_row el_class=\u00a0\u00bbblog\u00a0\u00bb][vc_column][vc_column_text]<div class=\"page-content news_post\"><div class=\"row-col\"><div class=\"col-left-8\"><div class=\"news_sections\"><div class=\"img-box-section\"><div class=\"left-box\"><img decoding=\"async\" alt=\"Master Business Solutions\" src=\"https:\/\/masterapplied.ca\/wp-content\/uploads\/BlaubergReGen-banner_FR-1.jpg\"><\/div><div class=\"right-box\"><h6> d\u00e9cembre 2025<\/h6><h3>Blauberg \u2013 Technologie ReGen<\/h3><p>[vc_row css=\u00a0\u00bb.vc_custom_1761155615388{padding-top: 20px !important;}\u00a0\u00bb][vc_column width=\u00a0\u00bb1\/3&Prime;][vc_separator color=\u00a0\u00bbcustom\u00a0\u00bb border_width=\u00a0\u00bb2&Prime; css=\u00a0\u00bb.vc_custom_1729170504226{margin-top: 25px !important;}\u00a0\u00bb accent_color=\u00a0\u00bb#EC6608&Prime;][\/vc_column][vc_column width=\u00a0\u00bb1\/3&Prime;][vc_column_text css=\u00a0\u00bb.vc_custom_1729107663315{margin-bottom: -10px !important;padding-top: 5px !important;padding-bottom: 10px !important;background-color: #EC6608 !important;}\u00a0\u00bb] FEATURED PRODUCT [\/vc_column_text][\/vc_column][vc_column width=\u00a0\u00bb1\/3&Prime;][vc_separator color=\u00a0\u00bbcustom\u00a0\u00bb border_width=\u00a0\u00bb2&Prime; css=\u00a0\u00bb.vc_custom_1729170518976{margin-top: 25px !important;}\u00a0\u00bb accent_color=\u00a0\u00bb#EC6608&Prime;][\/vc_column][\/vc_row][vc_row css=\u00a0\u00bb.vc_custom_1729170558813{margin-top: 40px !important;}\u00a0\u00bb][vc_column][vc_column_text css=\u00a0\u00bb\u00a0\u00bb] TECHNOLOGIE REGEN POUR UNE R\u00c9CUP\u00c9RATION D\u2019\u00c9NERGIE SUP\u00c9RIEURE [\/vc_column_text][vc_column_text css=\u00a0\u00bb.vc_custom_1770662520161{padding-top: 20px !important;}\u00a0\u00bb] Exclusif \u00e0 Master Dans toutes nos r\u00e9gions [\/vc_column_text][\/vc_column][\/vc_row][vc_row css=\u00a0\u00bb.vc_custom_1729170558813{margin-top: ... <a title=\"Blauberg \u2013 Technologie ReGen\" class=\"read-more\" href=\"https:\/\/masterapplied.ca\/fr\/technologie-blauberg-regen\/\" aria-label=\"More on Blauberg \u2013 Technologie ReGen\">Lire la suite<\/a><\/p><a href=\"https:\/\/masterapplied.ca\/fr\/technologie-blauberg-regen\/\" class=\"learn_more\">En savoir plus<\/a><\/div><\/div><div class=\"img-box-section\"><div class=\"left-box\"><img decoding=\"async\" alt=\"Master Business Solutions\" src=\"https:\/\/masterapplied.ca\/wp-content\/uploads\/mpower_applied_fr_v2.jpg\"><\/div><div class=\"right-box\"><h6> f\u00e9vrier 2026<\/h6><h3>MPower 2026<\/h3><p>[vc_row css=\u00a0\u00bb.vc_custom_1729107823731{padding-right: 150px !important;padding-left: 150px !important;}\u00a0\u00bb][vc_column][vc_column_text css=\u00a0\u00bb.vc_custom_1770672805672{padding-top: 25px !important;}\u00a0\u00bb]Les moments les plus pr\u00e9cieux de notre industrie ne se produisent jamais en vase clos : ils prennent forme lorsque les bonnes personnes sont r\u00e9unies, qu\u2019elles ont les bonnes conversations, au bon moment. MPower est la plus grande conf\u00e9rence et exposition priv\u00e9e en HVAC-R au Canada, offerte ... <a title=\"MPower 2026\" class=\"read-more\" href=\"https:\/\/masterapplied.ca\/fr\/mpower-2026\/\" aria-label=\"More on MPower 2026\">Lire la suite<\/a><\/p><a href=\"https:\/\/masterapplied.ca\/fr\/mpower-2026\/\" class=\"learn_more\">En savoir plus<\/a><\/div><\/div><div class=\"img-box-section\"><div class=\"left-box\"><img decoding=\"async\" alt=\"Master Business Solutions\" src=\"https:\/\/masterapplied.ca\/wp-content\/uploads\/blauberg_news_masterapplied_fr.jpg\"><\/div><div class=\"right-box\"><h6> octobre 2025<\/h6><h3>Blauberg &#8211; Syst\u00e8me r\u00e9g\u00e9n\u00e9ratif de noyau r\u00e9versible (ERI)<\/h3><p>[vc_row css=\u00a0\u00bb.vc_custom_1761155762495{padding-top: 20px !important;}\u00a0\u00bb][vc_column width=\u00a0\u00bb1\/3&Prime;][vc_separator color=\u00a0\u00bbcustom\u00a0\u00bb border_width=\u00a0\u00bb2&Prime; css=\u00a0\u00bb.vc_custom_1729171266110{margin-top: 25px !important;}\u00a0\u00bb accent_color=\u00a0\u00bb#EC6608&Prime;][\/vc_column][vc_column width=\u00a0\u00bb1\/3&Prime;][vc_column_text css=\u00a0\u00bb.vc_custom_1729171341221{padding-top: 5px !important;padding-bottom: 10px !important;background-color: #EC6608 !important;}\u00a0\u00bb] PRODUIT VEDETTE [\/vc_column_text][\/vc_column][vc_column width=\u00a0\u00bb1\/3&Prime;][vc_separator color=\u00a0\u00bbcustom\u00a0\u00bb border_width=\u00a0\u00bb2&Prime; css=\u00a0\u00bb.vc_custom_1729171297414{margin-top: 25px !important;}\u00a0\u00bb accent_color=\u00a0\u00bb#EC6608&Prime;][\/vc_column][\/vc_row][vc_row][vc_column][vc_column_text css=\u00a0\u00bb.vc_custom_1761154426725{padding-top: 30px !important;}\u00a0\u00bb] UNIT\u00c9S BLAUBERG STANDARDS ET SUR MESURE AVEC TECHNOLOGIE E.R.I. D\u2019UN NOYAU R\u00c9VERSIBLE D\u2019ACCUAIR [\/vc_column_text][\/vc_column][\/vc_row][vc_row][vc_column][vc_column_text css=\u00a0\u00bb.vc_custom_1761154449107{padding-top: 30px !important;}\u00a0\u00bb] ATTEINT UNE EFFICACIT\u00c9 DE 90-95% [\/vc_column_text][\/vc_column][\/vc_row][vc_row][vc_column][vc_column_text ... <a title=\"Blauberg &#8211; Syst\u00e8me r\u00e9g\u00e9n\u00e9ratif de noyau r\u00e9versible (ERI)\" class=\"read-more\" href=\"https:\/\/masterapplied.ca\/fr\/blauberg-systeme-regeneratif-de-noyau-reversible-eri\/\" aria-label=\"More on Blauberg &#8211; Syst\u00e8me r\u00e9g\u00e9n\u00e9ratif de noyau r\u00e9versible (ERI)\">Lire la suite<\/a><\/p><a href=\"https:\/\/masterapplied.ca\/fr\/blauberg-systeme-regeneratif-de-noyau-reversible-eri\/\" class=\"learn_more\">En savoir plus<\/a><\/div><\/div><div class=\"img-box-section\"><div class=\"left-box\"><img decoding=\"async\" alt=\"Master Business Solutions\" src=\"https:\/\/masterapplied.ca\/wp-content\/uploads\/2022\/11\/New-Project-2.jpg\"><\/div><div class=\"right-box\"><h6> novembre 2022<\/h6><h3>Nouveau Olimpia Maestro<\/h3><p>[vc_row full_width=\u00a0\u00bbstretch_row\u00a0\u00bb el_class=\u00a0\u00bbbg-new-exclusively row-pad-md-t\u00a0\u00bb css=\u00a0\u00bb.vc_custom_1687759316372{background-color: #f4f4f4 !important;}\u00a0\u00bb][vc_column][vc_custom_heading text=\u00a0\u00bbNouveau\u00a0\u00bb font_container=\u00a0\u00bbtag:h2|text_align:center\u00a0\u00bb use_theme_fonts=\u00a0\u00bbyes\u00a0\u00bb][vc_custom_heading text=\u00a0\u00bbEN EXCLUSIVIT\u00c9 CHEZ MASTER\u00a0\u00bb font_container=\u00a0\u00bbtag:h3|text_align:center\u00a0\u00bb][\/vc_column][\/vc_row][vc_row equal_height=\u00a0\u00bbyes\u00a0\u00bb content_placement=\u00a0\u00bbmiddle\u00a0\u00bb el_class=\u00a0\u00bbfor-more-information-container row-pad no-bottom-pad\u00a0\u00bb][vc_column width=\u00a0\u00bb1\/2&Prime; el_id=\u00a0\u00bbcls-imagss\u00a0\u00bb][vc_row_inner][vc_column_inner][vc_single_image image=\u00a0\u00bb2741&Prime; img_size=\u00a0\u00bbfull\u00a0\u00bb alignment=\u00a0\u00bbcenter\u00a0\u00bb css=\u00a0\u00bb.vc_custom_1687849917625{margin-bottom: 25px !important;}\u00a0\u00bb][\/vc_column_inner][\/vc_row_inner][\/vc_column][vc_column width=\u00a0\u00bb1\/2&Prime; css=\u00a0\u00bb.vc_custom_1687753133026{background-color: #f58220 !important;}\u00a0\u00bb][vc_column_text el_class=\u00a0\u00bbfor-more-information text-white-bg-org\u00a0\u00bb] MASTER EST FIER D\u2019OFFRIR LES THERMOPOMPES SANS CONDUITS MAESTRO EN EXCLUSIVIT\u00c9 POUR LES PROVINCES DE QU\u00c9BEC ET DE L&rsquo;ATLANTIQUE[\/vc_column_text][\/vc_column][\/vc_row][vc_row el_class=\u00a0\u00bbcls-brands\u00a0\u00bb][vc_column][vc_column_text] Le ... <a title=\"Nouveau Olimpia Maestro\" class=\"read-more\" href=\"https:\/\/masterapplied.ca\/fr\/product\/nouveau-olimpia-maestro\/\" aria-label=\"More on Nouveau Olimpia Maestro\">Lire la suite<\/a><\/p><a href=\"https:\/\/masterapplied.ca\/fr\/product\/nouveau-olimpia-maestro\/\" class=\"learn_more\">En savoir plus<\/a><\/div><\/div><div class=\"img-box-section\"><div class=\"left-box\"><img decoding=\"async\" alt=\"Master Business Solutions\" src=\"https:\/\/masterapplied.ca\/wp-content\/uploads\/Olimpia_fr.jpg\"><\/div><div class=\"right-box\"><h6> octobre 2024<\/h6><h3>Olimpia Splendid &#8211; Maestro<\/h3><p>[vc_row][vc_column width=\u00a0\u00bb1\/3&Prime;][vc_separator color=\u00a0\u00bbcustom\u00a0\u00bb border_width=\u00a0\u00bb2&Prime; css=\u00a0\u00bb.vc_custom_1729171266110{margin-top: 25px !important;}\u00a0\u00bb accent_color=\u00a0\u00bb#EC6608&Prime;][\/vc_column][vc_column width=\u00a0\u00bb1\/3&Prime;][vc_column_text css=\u00a0\u00bb.vc_custom_1729171341221{padding-top: 5px !important;padding-bottom: 10px !important;background-color: #EC6608 !important;}\u00a0\u00bb] PRODUIT VEDETTE [\/vc_column_text][\/vc_column][vc_column width=\u00a0\u00bb1\/3&Prime;][vc_separator color=\u00a0\u00bbcustom\u00a0\u00bb border_width=\u00a0\u00bb2&Prime; css=\u00a0\u00bb.vc_custom_1729171297414{margin-top: 25px !important;}\u00a0\u00bb accent_color=\u00a0\u00bb#EC6608&Prime;][\/vc_column][\/vc_row][vc_row][vc_column][\/vc_column][\/vc_row][vc_row][vc_column][vc_column_text css=\u00a0\u00bb.vc_custom_1729171380476{padding-top: 30px !important;}\u00a0\u00bb] THERMOPOMPE SANS CONDUITS MAESTRO [\/vc_column_text][\/vc_column][\/vc_row][vc_row][vc_column][vc_column_text css=\u00a0\u00bb\u00a0\u00bb] Le premier appareil mural de climatisation et de chauffage de l&rsquo;industrie sans unit\u00e9 ext\u00e9rieure et au fonctionnement ultra silencieux.[\/vc_column_text][\/vc_column][\/vc_row][vc_row][vc_column][vc_column_text css=\u00a0\u00bb.vc_custom_1729171479875{padding-top: ... <a title=\"Olimpia Splendid &#8211; Maestro\" class=\"read-more\" href=\"https:\/\/masterapplied.ca\/fr\/olimpia-splendid-maestro\/\" aria-label=\"More on Olimpia Splendid &#8211; Maestro\">Lire la suite<\/a><\/p><a href=\"https:\/\/masterapplied.ca\/fr\/olimpia-splendid-maestro\/\" class=\"learn_more\">En savoir plus<\/a><\/div><\/div><div class=\"img-box-section\"><div class=\"left-box\"><img decoding=\"async\" alt=\"Master Business Solutions\" src=\"https:\/\/masterapplied.ca\/wp-content\/uploads\/2023\/06\/23.jpg\"><\/div><div class=\"right-box\"><h6> mai 2022<\/h6><h3>Nouveau Kampmann<\/h3><p>[vc_row full_width=\u00a0\u00bbstretch_row\u00a0\u00bb el_class=\u00a0\u00bbbg-new-exclusively row-pad-md-t\u00a0\u00bb css=\u00a0\u00bb.vc_custom_1687759316372{background-color: #f4f4f4 !important;}\u00a0\u00bb][vc_column][vc_custom_heading text=\u00a0\u00bbNouveau\u00a0\u00bb font_container=\u00a0\u00bbtag:h2|text_align:center\u00a0\u00bb use_theme_fonts=\u00a0\u00bbyes\u00a0\u00bb][vc_custom_heading text=\u00a0\u00bbMASTER &amp; KAMPMANN, PARTENAIRES DE CHOIX !\u00a0\u00bb font_container=\u00a0\u00bbtag:h3|text_align:center\u00a0\u00bb][\/vc_column][\/vc_row][vc_row equal_height=\u00a0\u00bbyes\u00a0\u00bb content_placement=\u00a0\u00bbmiddle\u00a0\u00bb el_class=\u00a0\u00bbfor-more-information-container row-pad no-bottom-pad\u00a0\u00bb][vc_column width=\u00a0\u00bb1\/2&Prime; el_id=\u00a0\u00bbcls-imagss\u00a0\u00bb][vc_row_inner][vc_column_inner][vc_single_image image=\u00a0\u00bb2582&Prime; img_size=\u00a0\u00bbmedium\u00a0\u00bb alignment=\u00a0\u00bbcenter\u00a0\u00bb css=\u00a0\u00bb.vc_custom_1687933856506{margin-bottom: 25px !important;}\u00a0\u00bb][\/vc_column_inner][\/vc_row_inner][\/vc_column][vc_column width=\u00a0\u00bb1\/2&Prime; css=\u00a0\u00bb.vc_custom_1687934051057{padding-top: 20px !important;padding-right: 15px !important;padding-bottom: 20px !important;padding-left: 15px !important;background-color: #f58220 !important;}\u00a0\u00bb][vc_column_text el_class=\u00a0\u00bbfor-more-information text-white-bg-org\u00a0\u00bb] MASTER EST FIER D\u2019OFFRIR LA GAMME COMPL\u00c8TE DE CHAUFFAGE P\u00c9RIM\u00c9TRIQUE, ... <a title=\"Nouveau Kampmann\" class=\"read-more\" href=\"https:\/\/masterapplied.ca\/fr\/product\/nouveau-kampmann\/\" aria-label=\"More on Nouveau Kampmann\">Lire la suite<\/a><\/p><a href=\"https:\/\/masterapplied.ca\/fr\/product\/nouveau-kampmann\/\" class=\"learn_more\">En savoir plus<\/a><\/div><\/div><div class=\"img-box-section\"><div class=\"left-box\"><img decoding=\"async\" alt=\"Master Business Solutions\" src=\"https:\/\/masterapplied.ca\/wp-content\/uploads\/aerco_therm-elect_.jpg\"><\/div><div class=\"right-box\"><h6> ao\u00fbt 2024<\/h6><h3>Accumulateur de chaleur Steffes et chaudi\u00e8res Aerco<\/h3><p>[vc_row][vc_column][vc_column_text css=\u00a0\u00bb\u00a0\u00bb] Optimisation de la gestion de pointe \u00e9lectrique avec chaudi\u00e8re \u00e9lectrique, \u00e0 gaz et accumulateur thermique [\/vc_column_text][\/vc_column][\/vc_row][vc_row][vc_column][vc_separator css=\u00a0\u00bb\u00a0\u00bb][\/vc_column][\/vc_row][vc_row][vc_column][vc_empty_space][\/vc_column][\/vc_row][vc_row][vc_column][vc_column_text css=\u00a0\u00bb\u00a0\u00bb]En combinant une chaudi\u00e8re \u00e9lectrique BMK-E avec une chaudi\u00e8re \u00e0 condensation BMK ou par l&rsquo;utilisation d&rsquo;un accumulateur thermique ThermElect de Steffes, nous optimisons l&rsquo;utilisation de l&rsquo;\u00e9nergie et am\u00e9liorons la r\u00e9silience du syst\u00e8me \u00e9nerg\u00e9tique dans son ensemble.[\/vc_column_text][\/vc_column][\/vc_row][vc_row][vc_column ... <a title=\"Accumulateur de chaleur Steffes et chaudi\u00e8res Aerco\" class=\"read-more\" href=\"https:\/\/masterapplied.ca\/fr\/accumulateur-de-chaleur-steffes-et-chaudieres-aerco\/\" aria-label=\"More on Accumulateur de chaleur Steffes et chaudi\u00e8res Aerco\">Lire la suite<\/a><\/p><a href=\"https:\/\/masterapplied.ca\/fr\/accumulateur-de-chaleur-steffes-et-chaudieres-aerco\/\" class=\"learn_more\">En savoir plus<\/a><\/div><\/div><div class=\"img-box-section\"><div class=\"left-box\"><img decoding=\"async\" alt=\"Master Business Solutions\" src=\"https:\/\/masterapplied.ca\/wp-content\/uploads\/2024\/03\/TCF-blog-feature-1.jpg\"><\/div><div class=\"right-box\"><h6> mars 2024<\/h6><h3>TCF &#8211; Distributeur Commercial Exclusif dans l&rsquo;Ouest Canadien<\/h3><p>[vc_row][vc_column][vc_column_text css=\u00a0\u00bb\u00a0\u00bb]Nous sommes heureux d&rsquo;annoncer que Le Groupe Master a obtenu les droits de distribution exclusifs des syst\u00e8mes de ventilation industriels et commerciaux Twin City Fan (TCF) dans l&rsquo;Ouest canadien. TCF, un concepteur et fabricant leader dans l&rsquo;industrie, se consacre \u00e0 l&rsquo;efficacit\u00e9 \u00e9nerg\u00e9tique et aux pratiques de conception durable.[\/vc_column_text][vc_empty_space][\/vc_column][\/vc_row][vc_row][vc_column width=\u00a0\u00bb1\/4&Prime;][vc_single_image image=\u00a0\u00bb6268&Prime; alignment=\u00a0\u00bbright\u00a0\u00bb][\/vc_column][vc_column width=\u00a0\u00bb1\/4&Prime;][vc_column_text]Ventilateur d&rsquo;extraction \u00e0 ... <a title=\"TCF &#8211; Distributeur Commercial Exclusif dans l&rsquo;Ouest Canadien\" class=\"read-more\" href=\"https:\/\/masterapplied.ca\/fr\/tcf-distributeur-commercial-exclusif-dans-louest-canadien\/\" aria-label=\"More on TCF &#8211; Distributeur Commercial Exclusif dans l&rsquo;Ouest Canadien\">Lire la suite<\/a><\/p><a href=\"https:\/\/masterapplied.ca\/fr\/tcf-distributeur-commercial-exclusif-dans-louest-canadien\/\" class=\"learn_more\">En savoir plus<\/a><\/div><\/div><div class=\"img-box-section\"><div class=\"left-box\"><img decoding=\"async\" alt=\"Master Business Solutions\" src=\"https:\/\/masterapplied.ca\/wp-content\/uploads\/2023\/06\/NEW-Raypa.jpg\"><\/div><div class=\"right-box\"><h6> f\u00e9vrier 2022<\/h6><h3>Nouveau Raypak<\/h3><p>Depuis 1947, Raypak est le premier fabricant mondial de chaudi\u00e8res et de chauffe-eau \u00e0 ailettes en cuivre. En 2000, l'usine de fabrication principale de Raypak a \u00e9t\u00e9 transf\u00e9r\u00e9e \u00e0 Oxnard, en Californie, son si\u00e8ge social actuel. En 1996,   <\/p><a href=\"https:\/\/masterapplied.ca\/fr\/product\/nouveau-raypak\/\" class=\"learn_more\">En savoir plus<\/a><\/div><\/div><div class=\"pagination\"><div class=\"pagination_main\"><ul class='page-numbers'>\n\t<li><span aria-current=\"page\" class=\"page-numbers current\">1<\/span><\/li>\n\t<li><a class=\"page-numbers\" href=\"https:\/\/masterapplied.ca\/fr\/wp-json\/wp\/v2\/pages\/4419\/page\/2\/\">2<\/a><\/li>\n\t<li><a class=\"page-numbers\" href=\"https:\/\/masterapplied.ca\/fr\/wp-json\/wp\/v2\/pages\/4419\/page\/3\/\">3<\/a><\/li>\n\t<li><a class=\"next page-numbers\" href=\"https:\/\/masterapplied.ca\/fr\/wp-json\/wp\/v2\/pages\/4419\/page\/2\/\"><i class=\"fa fa-angle-double-right\" aria-hidden=\"true\"><\/i><\/a><\/li>\n<\/ul>\n<\/div><\/div><\/div><\/div><div class=\"col-left-4\"><div class=\"right_side_bar\"><h4>Archives <\/h4><ul>\t<li><a href='https:\/\/masterapplied.ca\/fr\/2026\/'>2026<\/a><\/li>\n\t<li><a href='https:\/\/masterapplied.ca\/fr\/2025\/'>2025<\/a><\/li>\n\t<li><a href='https:\/\/masterapplied.ca\/fr\/2024\/'>2024<\/a><\/li>\n\t<li><a href='https:\/\/masterapplied.ca\/fr\/2023\/'>2023<\/a><\/li>\n\t<li><a href='https:\/\/masterapplied.ca\/fr\/2021\/'>2021<\/a><\/li>\n\t<li><a href='https:\/\/masterapplied.ca\/fr\/2020\/'>2020<\/a><\/li>\n\t<li><a href='https:\/\/masterapplied.ca\/fr\/2019\/'>2019<\/a><\/li>\n<\/ul><\/div><\/div><\/div><\/div>[\/vc_column_text][\/vc_column][\/vc_row]<\/p>\n<\/div>","protected":false},"excerpt":{"rendered":"<p>[vc_row el_class=\u00a0\u00bbblog\u00a0\u00bb][vc_column][vc_column_text][\/vc_column_text][\/vc_column][\/vc_row]<\/p>\n","protected":false},"author":2,"featured_media":3367,"parent":0,"menu_order":0,"comment_status":"closed","ping_status":"closed","template":"","meta":{"_acf_changed":false,"footnotes":""},"class_list":["post-4419","page","type-page","status-publish","has-post-thumbnail","hentry"],"acf":[],"yoast_head":"<!-- This site is optimized with the Yoast SEO plugin v27.3 - https:\/\/yoast.com\/product\/yoast-seo-wordpress\/ -->\n<title>Actualit\u00e9s - Master Business Solutions<\/title>\n<meta name=\"robots\" content=\"index, follow, max-snippet:-1, max-image-preview:large, max-video-preview:-1\" \/>\n<link rel=\"canonical\" href=\"https:\/\/masterapplied.ca\/news-and-insights\/\" \/>\n<meta property=\"og:locale\" content=\"fr_FR\" \/>\n<meta property=\"og:type\" content=\"article\" \/>\n<meta property=\"og:title\" content=\"Actualit\u00e9s - Master Business Solutions\" \/>\n<meta property=\"og:description\" content=\"[vc_row el_class=\u00a0\u00bbblog\u00a0\u00bb][vc_column][vc_column_text][\/vc_column_text][\/vc_column][\/vc_row]\" \/>\n<meta property=\"og:url\" content=\"https:\/\/masterapplied.ca\/news-and-insights\/\" \/>\n<meta property=\"og:site_name\" content=\"Master Business Solutions\" \/>\n<meta property=\"article:modified_time\" content=\"2026-02-06T19:09:36+00:00\" \/>\n<meta property=\"og:image\" content=\"https:\/\/masterapplied.ca\/wp-content\/uploads\/2022\/12\/Rectangle-17-4.jpg\" \/>\n\t<meta property=\"og:image:width\" content=\"1920\" \/>\n\t<meta property=\"og:image:height\" content=\"250\" \/>\n\t<meta property=\"og:image:type\" content=\"image\/jpeg\" \/>\n<meta name=\"twitter:card\" content=\"summary_large_image\" \/>\n<meta name=\"twitter:label1\" content=\"Dur\u00e9e de lecture estim\u00e9e\" \/>\n\t<meta name=\"twitter:data1\" content=\"1 minute\" \/>\n<script type=\"application\/ld+json\" class=\"yoast-schema-graph\">{\"@context\":\"https:\\\/\\\/schema.org\",\"@graph\":[{\"@type\":\"WebPage\",\"@id\":\"https:\\\/\\\/masterapplied.ca\\\/news-and-insights\\\/\",\"url\":\"https:\\\/\\\/masterapplied.ca\\\/news-and-insights\\\/\",\"name\":\"Actualit\u00e9s - Master Business Solutions\",\"isPartOf\":{\"@id\":\"https:\\\/\\\/masterapplied.ca\\\/#website\"},\"primaryImageOfPage\":{\"@id\":\"https:\\\/\\\/masterapplied.ca\\\/news-and-insights\\\/#primaryimage\"},\"image\":{\"@id\":\"https:\\\/\\\/masterapplied.ca\\\/news-and-insights\\\/#primaryimage\"},\"thumbnailUrl\":\"https:\\\/\\\/masterapplied.ca\\\/wp-content\\\/uploads\\\/2022\\\/12\\\/Rectangle-17-4.jpg\",\"datePublished\":\"2023-01-06T10:10:37+00:00\",\"dateModified\":\"2026-02-06T19:09:36+00:00\",\"breadcrumb\":{\"@id\":\"https:\\\/\\\/masterapplied.ca\\\/news-and-insights\\\/#breadcrumb\"},\"inLanguage\":\"fr-FR\",\"potentialAction\":[{\"@type\":\"ReadAction\",\"target\":[\"https:\\\/\\\/masterapplied.ca\\\/news-and-insights\\\/\"]}]},{\"@type\":\"ImageObject\",\"inLanguage\":\"fr-FR\",\"@id\":\"https:\\\/\\\/masterapplied.ca\\\/news-and-insights\\\/#primaryimage\",\"url\":\"https:\\\/\\\/masterapplied.ca\\\/wp-content\\\/uploads\\\/2022\\\/12\\\/Rectangle-17-4.jpg\",\"contentUrl\":\"https:\\\/\\\/masterapplied.ca\\\/wp-content\\\/uploads\\\/2022\\\/12\\\/Rectangle-17-4.jpg\",\"width\":1920,\"height\":250},{\"@type\":\"BreadcrumbList\",\"@id\":\"https:\\\/\\\/masterapplied.ca\\\/news-and-insights\\\/#breadcrumb\",\"itemListElement\":[{\"@type\":\"ListItem\",\"position\":1,\"name\":\"Home\",\"item\":\"https:\\\/\\\/masterapplied.ca\\\/fr\\\/\"},{\"@type\":\"ListItem\",\"position\":2,\"name\":\"Actualit\u00e9s\"}]},{\"@type\":\"WebSite\",\"@id\":\"https:\\\/\\\/masterapplied.ca\\\/#website\",\"url\":\"https:\\\/\\\/masterapplied.ca\\\/\",\"name\":\"Master Business Solutions\",\"description\":\"\",\"publisher\":{\"@id\":\"https:\\\/\\\/masterapplied.ca\\\/#organization\"},\"potentialAction\":[{\"@type\":\"SearchAction\",\"target\":{\"@type\":\"EntryPoint\",\"urlTemplate\":\"https:\\\/\\\/masterapplied.ca\\\/?s={search_term_string}\"},\"query-input\":{\"@type\":\"PropertyValueSpecification\",\"valueRequired\":true,\"valueName\":\"search_term_string\"}}],\"inLanguage\":\"fr-FR\"},{\"@type\":\"Organization\",\"@id\":\"https:\\\/\\\/masterapplied.ca\\\/#organization\",\"name\":\"Master Business Solutions\",\"url\":\"https:\\\/\\\/masterapplied.ca\\\/\",\"logo\":{\"@type\":\"ImageObject\",\"inLanguage\":\"fr-FR\",\"@id\":\"https:\\\/\\\/masterapplied.ca\\\/#\\\/schema\\\/logo\\\/image\\\/\",\"url\":\"https:\\\/\\\/masterapplied.ca\\\/wp-content\\\/uploads\\\/2023\\\/12\\\/logo_master_business_solution_EN599.webp\",\"contentUrl\":\"https:\\\/\\\/masterapplied.ca\\\/wp-content\\\/uploads\\\/2023\\\/12\\\/logo_master_business_solution_EN599.webp\",\"width\":298,\"height\":126,\"caption\":\"Master Business Solutions\"},\"image\":{\"@id\":\"https:\\\/\\\/masterapplied.ca\\\/#\\\/schema\\\/logo\\\/image\\\/\"}}]}<\/script>\n<!-- \/ Yoast SEO plugin. -->","yoast_head_json":{"title":"Actualit\u00e9s - Master Business Solutions","robots":{"index":"index","follow":"follow","max-snippet":"max-snippet:-1","max-image-preview":"max-image-preview:large","max-video-preview":"max-video-preview:-1"},"canonical":"https:\/\/masterapplied.ca\/news-and-insights\/","og_locale":"fr_FR","og_type":"article","og_title":"Actualit\u00e9s - Master Business Solutions","og_description":"[vc_row el_class=\u00a0\u00bbblog\u00a0\u00bb][vc_column][vc_column_text][\/vc_column_text][\/vc_column][\/vc_row]","og_url":"https:\/\/masterapplied.ca\/news-and-insights\/","og_site_name":"Master Business Solutions","article_modified_time":"2026-02-06T19:09:36+00:00","og_image":[{"width":1920,"height":250,"url":"https:\/\/masterapplied.ca\/wp-content\/uploads\/2022\/12\/Rectangle-17-4.jpg","type":"image\/jpeg"}],"twitter_card":"summary_large_image","twitter_misc":{"Dur\u00e9e de lecture estim\u00e9e":"1 minute"},"schema":{"@context":"https:\/\/schema.org","@graph":[{"@type":"WebPage","@id":"https:\/\/masterapplied.ca\/news-and-insights\/","url":"https:\/\/masterapplied.ca\/news-and-insights\/","name":"Actualit\u00e9s - Master Business Solutions","isPartOf":{"@id":"https:\/\/masterapplied.ca\/#website"},"primaryImageOfPage":{"@id":"https:\/\/masterapplied.ca\/news-and-insights\/#primaryimage"},"image":{"@id":"https:\/\/masterapplied.ca\/news-and-insights\/#primaryimage"},"thumbnailUrl":"https:\/\/masterapplied.ca\/wp-content\/uploads\/2022\/12\/Rectangle-17-4.jpg","datePublished":"2023-01-06T10:10:37+00:00","dateModified":"2026-02-06T19:09:36+00:00","breadcrumb":{"@id":"https:\/\/masterapplied.ca\/news-and-insights\/#breadcrumb"},"inLanguage":"fr-FR","potentialAction":[{"@type":"ReadAction","target":["https:\/\/masterapplied.ca\/news-and-insights\/"]}]},{"@type":"ImageObject","inLanguage":"fr-FR","@id":"https:\/\/masterapplied.ca\/news-and-insights\/#primaryimage","url":"https:\/\/masterapplied.ca\/wp-content\/uploads\/2022\/12\/Rectangle-17-4.jpg","contentUrl":"https:\/\/masterapplied.ca\/wp-content\/uploads\/2022\/12\/Rectangle-17-4.jpg","width":1920,"height":250},{"@type":"BreadcrumbList","@id":"https:\/\/masterapplied.ca\/news-and-insights\/#breadcrumb","itemListElement":[{"@type":"ListItem","position":1,"name":"Home","item":"https:\/\/masterapplied.ca\/fr\/"},{"@type":"ListItem","position":2,"name":"Actualit\u00e9s"}]},{"@type":"WebSite","@id":"https:\/\/masterapplied.ca\/#website","url":"https:\/\/masterapplied.ca\/","name":"Master Business Solutions","description":"","publisher":{"@id":"https:\/\/masterapplied.ca\/#organization"},"potentialAction":[{"@type":"SearchAction","target":{"@type":"EntryPoint","urlTemplate":"https:\/\/masterapplied.ca\/?s={search_term_string}"},"query-input":{"@type":"PropertyValueSpecification","valueRequired":true,"valueName":"search_term_string"}}],"inLanguage":"fr-FR"},{"@type":"Organization","@id":"https:\/\/masterapplied.ca\/#organization","name":"Master Business Solutions","url":"https:\/\/masterapplied.ca\/","logo":{"@type":"ImageObject","inLanguage":"fr-FR","@id":"https:\/\/masterapplied.ca\/#\/schema\/logo\/image\/","url":"https:\/\/masterapplied.ca\/wp-content\/uploads\/2023\/12\/logo_master_business_solution_EN599.webp","contentUrl":"https:\/\/masterapplied.ca\/wp-content\/uploads\/2023\/12\/logo_master_business_solution_EN599.webp","width":298,"height":126,"caption":"Master Business Solutions"},"image":{"@id":"https:\/\/masterapplied.ca\/#\/schema\/logo\/image\/"}}]}},"_links":{"self":[{"href":"https:\/\/masterapplied.ca\/fr\/wp-json\/wp\/v2\/pages\/4419","targetHints":{"allow":["GET"]}}],"collection":[{"href":"https:\/\/masterapplied.ca\/fr\/wp-json\/wp\/v2\/pages"}],"about":[{"href":"https:\/\/masterapplied.ca\/fr\/wp-json\/wp\/v2\/types\/page"}],"author":[{"embeddable":true,"href":"https:\/\/masterapplied.ca\/fr\/wp-json\/wp\/v2\/users\/2"}],"replies":[{"embeddable":true,"href":"https:\/\/masterapplied.ca\/fr\/wp-json\/wp\/v2\/comments?post=4419"}],"version-history":[{"count":5,"href":"https:\/\/masterapplied.ca\/fr\/wp-json\/wp\/v2\/pages\/4419\/revisions"}],"predecessor-version":[{"id":7793,"href":"https:\/\/masterapplied.ca\/fr\/wp-json\/wp\/v2\/pages\/4419\/revisions\/7793"}],"wp:featuredmedia":[{"embeddable":true,"href":"https:\/\/masterapplied.ca\/fr\/wp-json\/wp\/v2\/media\/3367"}],"wp:attachment":[{"href":"https:\/\/masterapplied.ca\/fr\/wp-json\/wp\/v2\/media?parent=4419"}],"curies":[{"name":"wp","href":"https:\/\/api.w.org\/{rel}","templated":true}]}}