{"id":6350,"date":"2024-03-27T14:46:58","date_gmt":"2024-03-27T18:46:58","guid":{"rendered":"https:\/\/masterapplied.ca\/?page_id=6350"},"modified":"2024-03-27T16:02:58","modified_gmt":"2024-03-27T20:02:58","slug":"lapho-conditions-de-conformite","status":"publish","type":"page","link":"https:\/\/masterapplied.ca\/fr\/lapho-conditions-de-conformite\/","title":{"rendered":"LAPHO conditions de conformit\u00e9"},"content":{"rendered":"<h3>LAPHO CONDITIONS DE CONFORMIT\u00c9<\/h3>\n<p>&nbsp;<\/p>\n<p>En 2005, le gouvernement de l&rsquo;Ontario a mis en place la Loi de 2005 sur l&rsquo;accessibilit\u00e9 pour les personnes handicap\u00e9es de l&rsquo;Ontario (LAPHO). La LAPHO vise \u00e0 r\u00e9duire et \u00e0 \u00e9liminer les obstacles pour les personnes handicap\u00e9es afin que l&rsquo;Ontario puisse devenir plus accessible et plus inclusif pour tous et toutes, et de faire de l\u2019Ontario une province accueillante et accessible pour les personnes handicap\u00e9es d\u2019ici 2025.<\/p>\n<p>Pour ce faire, Master s&rsquo;engage \u00e0 fournir un environnement accessible \u00e0 tous les clients, employ\u00e9s, candidats \u00e0 un emploi, fournisseurs et visiteurs susceptibles d&rsquo;entrer dans nos locaux, d&rsquo;acc\u00e9der \u00e0 nos informations ou d&rsquo;utiliser nos services. En tant qu&rsquo;organisation, nous respectons et nous conformons aux exigences de la LAPHO et de ses r\u00e9glementations connexes.<\/p>\n<p><a href=\"https:\/\/masterapplied.ca\/wp-content\/uploads\/2024\/03\/HR-ON-1_Politique-Accessibilite.pdf\" target=\"_blank\" rel=\"noopener\">Politique d\u2019accessibilit\u00e9 (LAPHO) \u2013 Ontario<\/a><\/p>\n<p><a href=\"https:\/\/masterapplied.ca\/wp-content\/uploads\/2024\/03\/HR-ON-2_Plan-Accessibilite-pluriannuel.pdf\" target=\"_blank\" rel=\"noopener\">Plan pluriannuel (LAPHO) \u2013 Ontario<\/a><\/p>\n","protected":false},"excerpt":{"rendered":"<p>LAPHO CONDITIONS DE CONFORMIT\u00c9 &nbsp; En 2005, le gouvernement de l&rsquo;Ontario a mis en place la Loi de 2005 sur l&rsquo;accessibilit\u00e9 pour les personnes handicap\u00e9es de l&rsquo;Ontario (LAPHO). La LAPHO vise \u00e0 r\u00e9duire et \u00e0 \u00e9liminer les obstacles pour les personnes handicap\u00e9es afin que l&rsquo;Ontario puisse devenir plus accessible et plus inclusif pour tous et &#8230; <a title=\"LAPHO conditions de conformit\u00e9\" class=\"read-more\" href=\"https:\/\/masterapplied.ca\/fr\/lapho-conditions-de-conformite\/\" aria-label=\"More on LAPHO conditions de conformit\u00e9\">Lire la suite<\/a><\/p>\n","protected":false},"author":4,"featured_media":0,"parent":0,"menu_order":0,"comment_status":"closed","ping_status":"closed","template":"","meta":{"_acf_changed":false,"footnotes":""},"class_list":["post-6350","page","type-page","status-publish"],"acf":[],"yoast_head":"<!-- This site is optimized with the Yoast SEO plugin v27.3 - https:\/\/yoast.com\/product\/yoast-seo-wordpress\/ -->\n<title>LAPHO conditions de conformit\u00e9 - Master Business Solutions<\/title>\n<meta name=\"robots\" content=\"index, follow, max-snippet:-1, max-image-preview:large, max-video-preview:-1\" \/>\n<link rel=\"canonical\" href=\"https:\/\/masterapplied.ca\/fr\/lapho-conditions-de-conformite\/\" \/>\n<meta property=\"og:locale\" content=\"fr_FR\" \/>\n<meta property=\"og:type\" content=\"article\" \/>\n<meta property=\"og:title\" content=\"LAPHO conditions de conformit\u00e9 - Master Business Solutions\" \/>\n<meta property=\"og:description\" content=\"LAPHO CONDITIONS DE CONFORMIT\u00c9 &nbsp; En 2005, le gouvernement de l&rsquo;Ontario a mis en place la Loi de 2005 sur l&rsquo;accessibilit\u00e9 pour les personnes handicap\u00e9es de l&rsquo;Ontario (LAPHO). La LAPHO vise \u00e0 r\u00e9duire et \u00e0 \u00e9liminer les obstacles pour les personnes handicap\u00e9es afin que l&rsquo;Ontario puisse devenir plus accessible et plus inclusif pour tous et ... Lire la suite\" \/>\n<meta property=\"og:url\" content=\"https:\/\/masterapplied.ca\/fr\/lapho-conditions-de-conformite\/\" \/>\n<meta property=\"og:site_name\" content=\"Master Business Solutions\" \/>\n<meta property=\"article:modified_time\" content=\"2024-03-27T20:02:58+00:00\" \/>\n<meta name=\"twitter:card\" content=\"summary_large_image\" \/>\n<meta name=\"twitter:label1\" content=\"Dur\u00e9e de lecture estim\u00e9e\" \/>\n\t<meta name=\"twitter:data1\" content=\"1 minute\" \/>\n<script type=\"application\/ld+json\" class=\"yoast-schema-graph\">{\"@context\":\"https:\\\/\\\/schema.org\",\"@graph\":[{\"@type\":\"WebPage\",\"@id\":\"https:\\\/\\\/masterapplied.ca\\\/fr\\\/lapho-conditions-de-conformite\\\/\",\"url\":\"https:\\\/\\\/masterapplied.ca\\\/fr\\\/lapho-conditions-de-conformite\\\/\",\"name\":\"LAPHO conditions de conformit\u00e9 - Master Business Solutions\",\"isPartOf\":{\"@id\":\"https:\\\/\\\/masterapplied.ca\\\/#website\"},\"datePublished\":\"2024-03-27T18:46:58+00:00\",\"dateModified\":\"2024-03-27T20:02:58+00:00\",\"breadcrumb\":{\"@id\":\"https:\\\/\\\/masterapplied.ca\\\/fr\\\/lapho-conditions-de-conformite\\\/#breadcrumb\"},\"inLanguage\":\"fr-FR\",\"potentialAction\":[{\"@type\":\"ReadAction\",\"target\":[\"https:\\\/\\\/masterapplied.ca\\\/fr\\\/lapho-conditions-de-conformite\\\/\"]}]},{\"@type\":\"BreadcrumbList\",\"@id\":\"https:\\\/\\\/masterapplied.ca\\\/fr\\\/lapho-conditions-de-conformite\\\/#breadcrumb\",\"itemListElement\":[{\"@type\":\"ListItem\",\"position\":1,\"name\":\"Home\",\"item\":\"https:\\\/\\\/masterapplied.ca\\\/fr\\\/\"},{\"@type\":\"ListItem\",\"position\":2,\"name\":\"LAPHO conditions de conformit\u00e9\"}]},{\"@type\":\"WebSite\",\"@id\":\"https:\\\/\\\/masterapplied.ca\\\/#website\",\"url\":\"https:\\\/\\\/masterapplied.ca\\\/\",\"name\":\"Master Business Solutions\",\"description\":\"\",\"publisher\":{\"@id\":\"https:\\\/\\\/masterapplied.ca\\\/#organization\"},\"potentialAction\":[{\"@type\":\"SearchAction\",\"target\":{\"@type\":\"EntryPoint\",\"urlTemplate\":\"https:\\\/\\\/masterapplied.ca\\\/?s={search_term_string}\"},\"query-input\":{\"@type\":\"PropertyValueSpecification\",\"valueRequired\":true,\"valueName\":\"search_term_string\"}}],\"inLanguage\":\"fr-FR\"},{\"@type\":\"Organization\",\"@id\":\"https:\\\/\\\/masterapplied.ca\\\/#organization\",\"name\":\"Master Business Solutions\",\"url\":\"https:\\\/\\\/masterapplied.ca\\\/\",\"logo\":{\"@type\":\"ImageObject\",\"inLanguage\":\"fr-FR\",\"@id\":\"https:\\\/\\\/masterapplied.ca\\\/#\\\/schema\\\/logo\\\/image\\\/\",\"url\":\"https:\\\/\\\/masterapplied.ca\\\/wp-content\\\/uploads\\\/2023\\\/12\\\/logo_master_business_solution_EN599.webp\",\"contentUrl\":\"https:\\\/\\\/masterapplied.ca\\\/wp-content\\\/uploads\\\/2023\\\/12\\\/logo_master_business_solution_EN599.webp\",\"width\":298,\"height\":126,\"caption\":\"Master Business Solutions\"},\"image\":{\"@id\":\"https:\\\/\\\/masterapplied.ca\\\/#\\\/schema\\\/logo\\\/image\\\/\"}}]}<\/script>\n<!-- \/ Yoast SEO plugin. -->","yoast_head_json":{"title":"LAPHO conditions de conformit\u00e9 - Master Business Solutions","robots":{"index":"index","follow":"follow","max-snippet":"max-snippet:-1","max-image-preview":"max-image-preview:large","max-video-preview":"max-video-preview:-1"},"canonical":"https:\/\/masterapplied.ca\/fr\/lapho-conditions-de-conformite\/","og_locale":"fr_FR","og_type":"article","og_title":"LAPHO conditions de conformit\u00e9 - Master Business Solutions","og_description":"LAPHO CONDITIONS DE CONFORMIT\u00c9 &nbsp; En 2005, le gouvernement de l&rsquo;Ontario a mis en place la Loi de 2005 sur l&rsquo;accessibilit\u00e9 pour les personnes handicap\u00e9es de l&rsquo;Ontario (LAPHO). La LAPHO vise \u00e0 r\u00e9duire et \u00e0 \u00e9liminer les obstacles pour les personnes handicap\u00e9es afin que l&rsquo;Ontario puisse devenir plus accessible et plus inclusif pour tous et ... Lire la suite","og_url":"https:\/\/masterapplied.ca\/fr\/lapho-conditions-de-conformite\/","og_site_name":"Master Business Solutions","article_modified_time":"2024-03-27T20:02:58+00:00","twitter_card":"summary_large_image","twitter_misc":{"Dur\u00e9e de lecture estim\u00e9e":"1 minute"},"schema":{"@context":"https:\/\/schema.org","@graph":[{"@type":"WebPage","@id":"https:\/\/masterapplied.ca\/fr\/lapho-conditions-de-conformite\/","url":"https:\/\/masterapplied.ca\/fr\/lapho-conditions-de-conformite\/","name":"LAPHO conditions de conformit\u00e9 - Master Business Solutions","isPartOf":{"@id":"https:\/\/masterapplied.ca\/#website"},"datePublished":"2024-03-27T18:46:58+00:00","dateModified":"2024-03-27T20:02:58+00:00","breadcrumb":{"@id":"https:\/\/masterapplied.ca\/fr\/lapho-conditions-de-conformite\/#breadcrumb"},"inLanguage":"fr-FR","potentialAction":[{"@type":"ReadAction","target":["https:\/\/masterapplied.ca\/fr\/lapho-conditions-de-conformite\/"]}]},{"@type":"BreadcrumbList","@id":"https:\/\/masterapplied.ca\/fr\/lapho-conditions-de-conformite\/#breadcrumb","itemListElement":[{"@type":"ListItem","position":1,"name":"Home","item":"https:\/\/masterapplied.ca\/fr\/"},{"@type":"ListItem","position":2,"name":"LAPHO conditions de conformit\u00e9"}]},{"@type":"WebSite","@id":"https:\/\/masterapplied.ca\/#website","url":"https:\/\/masterapplied.ca\/","name":"Master Business Solutions","description":"","publisher":{"@id":"https:\/\/masterapplied.ca\/#organization"},"potentialAction":[{"@type":"SearchAction","target":{"@type":"EntryPoint","urlTemplate":"https:\/\/masterapplied.ca\/?s={search_term_string}"},"query-input":{"@type":"PropertyValueSpecification","valueRequired":true,"valueName":"search_term_string"}}],"inLanguage":"fr-FR"},{"@type":"Organization","@id":"https:\/\/masterapplied.ca\/#organization","name":"Master Business Solutions","url":"https:\/\/masterapplied.ca\/","logo":{"@type":"ImageObject","inLanguage":"fr-FR","@id":"https:\/\/masterapplied.ca\/#\/schema\/logo\/image\/","url":"https:\/\/masterapplied.ca\/wp-content\/uploads\/2023\/12\/logo_master_business_solution_EN599.webp","contentUrl":"https:\/\/masterapplied.ca\/wp-content\/uploads\/2023\/12\/logo_master_business_solution_EN599.webp","width":298,"height":126,"caption":"Master Business Solutions"},"image":{"@id":"https:\/\/masterapplied.ca\/#\/schema\/logo\/image\/"}}]}},"_links":{"self":[{"href":"https:\/\/masterapplied.ca\/fr\/wp-json\/wp\/v2\/pages\/6350","targetHints":{"allow":["GET"]}}],"collection":[{"href":"https:\/\/masterapplied.ca\/fr\/wp-json\/wp\/v2\/pages"}],"about":[{"href":"https:\/\/masterapplied.ca\/fr\/wp-json\/wp\/v2\/types\/page"}],"author":[{"embeddable":true,"href":"https:\/\/masterapplied.ca\/fr\/wp-json\/wp\/v2\/users\/4"}],"replies":[{"embeddable":true,"href":"https:\/\/masterapplied.ca\/fr\/wp-json\/wp\/v2\/comments?post=6350"}],"version-history":[{"count":6,"href":"https:\/\/masterapplied.ca\/fr\/wp-json\/wp\/v2\/pages\/6350\/revisions"}],"predecessor-version":[{"id":6370,"href":"https:\/\/masterapplied.ca\/fr\/wp-json\/wp\/v2\/pages\/6350\/revisions\/6370"}],"wp:attachment":[{"href":"https:\/\/masterapplied.ca\/fr\/wp-json\/wp\/v2\/media?parent=6350"}],"curies":[{"name":"wp","href":"https:\/\/api.w.org\/{rel}","templated":true}]}}