{"id":7383,"date":"2025-05-22T08:37:56","date_gmt":"2025-05-22T12:37:56","guid":{"rendered":"https:\/\/masterapplied.ca\/?page_id=7383"},"modified":"2025-05-22T09:18:56","modified_gmt":"2025-05-22T13:18:56","slug":"decarbonation","status":"publish","type":"page","link":"https:\/\/masterapplied.ca\/fr\/decarbonation\/","title":{"rendered":"D\u00e9carbonation"},"content":{"rendered":"<div class=\"wpb-content-wrapper\"><p>[vc_row full_width=\u00a0\u00bbstretch_row\u00a0\u00bb][vc_column width=\u00a0\u00bb1\/3&Prime;][vc_single_image image=\u00a0\u00bb7364&Prime; img_size=\u00a0\u00bbfull\u00a0\u00bb css=\u00a0\u00bb.vc_custom_1747916630271{padding-top: 15px !important;}\u00a0\u00bb][\/vc_column][vc_column width=\u00a0\u00bb2\/3&Prime;][vc_column_text css=\u00a0\u00bb\u00a0\u00bb]<\/p>\n<h3><strong><span style=\"color: #db6f2d;\">La d\u00e9carbonation au Canada : Un chemin vers un avenir durable<\/span><\/strong><\/h3>\n<p>[\/vc_column_text][vc_column_text css=\u00a0\u00bb.vc_custom_1747919568609{padding-top: 20px !important;padding-bottom: 20px !important;}\u00a0\u00bb]<\/p>\n<p style=\"text-align: justify;\">La d\u00e9carbonation, qui se traduit par la transition vers un syst\u00e8me \u00e9conomique \u00e0 faibles \u00e9missions de carbone, est essentielle pour limiter les impacts du changement climatique. Ce processus consiste \u00e0 r\u00e9duire les \u00e9missions de gaz \u00e0 effet de serre (GES) dans tous les secteurs de l\u2019\u00e9conomie en favorisant des solutions \u00e9nerg\u00e9tiques durables, efficaces et innovantes. Au Canada, pays riche en ressources naturelles et \u00e9nerg\u00e9tiques, cette transformation est \u00e0 la fois un d\u00e9fi et une opportunit\u00e9.<\/p>\n<p style=\"text-align: justify;\">Le Canada s\u2019est engag\u00e9 \u00e0 r\u00e9duire ses \u00e9missions de GES de 40 % d\u2019ici 2030, avec pour objectif ultime la carboneutralit\u00e9 en 2050. Ces ambitions exigent des changements profonds, notamment dans le secteur des b\u00e2timents, repr\u00e9sentant 18 % des \u00e9missions nationales.<\/p>\n<p>[\/vc_column_text][\/vc_column][\/vc_row][vc_row][vc_column][vc_column_text css=\u00a0\u00bb.vc_custom_1747919886299{padding-top: 20px !important;padding-bottom: 20px !important;}\u00a0\u00bb]<\/p>\n<p style=\"text-align: justify;\">L\u2019un des d\u00e9fis majeurs est de transformer les syst\u00e8mes de chauffage, ventilation, climatisation et r\u00e9frig\u00e9ration (CVCA-R), qui consomment une part significative de l\u2019\u00e9nergie des b\u00e2timents. Ces syst\u00e8mes jouent un r\u00f4le crucial dans la qualit\u00e9 de vie des Canadiens, et leur modernisation est essentielle pour r\u00e9duire les \u00e9missions de carbone et am\u00e9liorer l\u2019efficacit\u00e9 \u00e9nerg\u00e9tique. De plus, en favorisant des syst\u00e8mes et technologies plus performants et moins \u00e9nergivores, la d\u00e9carbonation peut contribuer \u00e0 une meilleure gestion de la pointe \u00e9lectrique . En diminuant la demande \u00e9nerg\u00e9tique lors des p\u00e9riodes de forte consommation, la d\u00e9carbonation permet une utilisation plus judicieuse des sources \u00e9nerg\u00e9tiques.<\/p>\n<p>[\/vc_column_text][\/vc_column][\/vc_row][vc_row css=\u00a0\u00bb.vc_custom_1747918987852{padding-top: 20px !important;}\u00a0\u00bb][vc_column width=\u00a0\u00bb2\/3&Prime;][vc_column_text css=\u00a0\u00bb\u00a0\u00bb]<\/p>\n<h3><span style=\"color: #db6f2d;\"><strong>Le r\u00f4le de Groupe Master dans cette transition<\/strong><\/span><\/h3>\n<p>[\/vc_column_text][vc_column_text css=\u00a0\u00bb.vc_custom_1747919618111{padding-top: 20px !important;padding-bottom: 20px !important;}\u00a0\u00bb]<\/p>\n<p style=\"text-align: justify;\">Chez Le Groupe Master, nous savons que l\u2019efficacit\u00e9 \u00e9nerg\u00e9tique est un enjeu cl\u00e9 pour la performance des b\u00e2timents. Nous accompagnons nos clients dans la conception de solutions adapt\u00e9es qui visent \u00e0 optimiser la consommation \u00e9nerg\u00e9tique et \u00e0 am\u00e9liorer l\u2019efficacit\u00e9 des \u00e9quipements.<\/p>\n<p style=\"text-align: justify;\">En modernisant vos syst\u00e8mes et en int\u00e9grant des technologies plus performantes, vous pouvez r\u00e9duire votre consommation \u00e9nerg\u00e9tique et, potentiellement, diminuer vos co\u00fbts d\u2019exploitation. Nos solutions sont d\u00e9velopp\u00e9es en tenant compte des exigences op\u00e9rationnelles et des objectifs d\u2019optimisation \u00e9nerg\u00e9tique.<\/p>\n<p>[\/vc_column_text][\/vc_column][vc_column width=\u00a0\u00bb1\/3&Prime;][vc_single_image image=\u00a0\u00bb7368&Prime; img_size=\u00a0\u00bbfull\u00a0\u00bb css=\u00a0\u00bb\u00a0\u00bb][\/vc_column][\/vc_row][vc_row css=\u00a0\u00bb.vc_custom_1747919426678{padding-top: 40px !important;}\u00a0\u00bb][vc_column width=\u00a0\u00bb1\/2&Prime;][vc_column_text css=\u00a0\u00bb\u00a0\u00bb]<span style=\"color: #db6f2d;\"><strong><img decoding=\"async\" class=\"alignnone size-full wp-image-6954\" src=\"https:\/\/mcstaging.masterapplied.ca\/wp-content\/uploads\/13px_Bullet.png\" alt=\"\" width=\"13\" height=\"12\" \/>\u00a0 Boostez votre efficacit\u00e9 \u00e9nerg\u00e9tique<\/strong><\/span>[\/vc_column_text][vc_column_text css=\u00a0\u00bb.vc_custom_1747919644222{padding-top: 20px !important;padding-bottom: 20px !important;padding-left: 20px !important;}\u00a0\u00bb]<\/p>\n<p style=\"text-align: justify;\">Optimisez la performance \u00e9nerg\u00e9tique de vos syst\u00e8mes CVCA-R avec des technologies modernes. Gr\u00e2ce \u00e0 des solutions comme les thermopompes, la r\u00e9cup\u00e9ration d\u2019\u00e9nergie (roues thermiques, cassettes \u00e0 d\u00e9bit invers\u00e9, \u00e9changeurs de type cube) ou encore les syst\u00e8mes VRF, il est possible de remplacer des \u00e9quipements obsol\u00e8tes par des alternatives plus efficaces.<\/p>\n<p style=\"text-align: justify;\">Nos capteurs intelligents et commandes avanc\u00e9es contribuent \u00e0 une gestion plus pr\u00e9cise de l\u2019\u00e9nergie, permettant d\u2019adapter la consommation aux besoins r\u00e9els et de limiter les pertes inutiles. En fonction de votre installation et de vos objectifs, ces solutions peuvent vous aider \u00e0 optimiser votre consommation \u00e9nerg\u00e9tique.<\/p>\n<p>[\/vc_column_text][vc_column_text css=\u00a0\u00bb\u00a0\u00bb]<span style=\"color: #db6f2d;\"><strong><img decoding=\"async\" class=\"alignnone size-full wp-image-6954\" src=\"https:\/\/mcstaging.masterapplied.ca\/wp-content\/uploads\/13px_Bullet.png\" alt=\"\" width=\"13\" height=\"12\" \/>\u00a0 Int\u00e9grez les \u00e9nergies renouvelables \u00e0 vos syst\u00e8mes<\/strong><\/span>[\/vc_column_text][vc_column_text css=\u00a0\u00bb.vc_custom_1747919671582{padding-top: 20px !important;padding-bottom: 20px !important;padding-left: 20px !important;}\u00a0\u00bb]<\/p>\n<p style=\"text-align: justify;\">Optimisez vos syst\u00e8mes CVCA-R avec des solutions exploitant les \u00e9nergies renouvelables. Nos technologies, telles que les thermopompes, les syst\u00e8mes g\u00e9othermiques et la r\u00e9cup\u00e9ration de chaleur des eaux grises, offrent des alternatives pouvant am\u00e9liorer l\u2019efficacit\u00e9 \u00e9nerg\u00e9tique de vos installations.<\/p>\n<p style=\"text-align: justify;\">En fonction de votre configuration \u00e9nerg\u00e9tique actuelle, ces solutions peuvent contribuer \u00e0 r\u00e9duire votre consommation d\u2019\u00e9nergie et votre empreinte carbone. De plus, en choisissant un \u00e9quipement performant et adapt\u00e9 \u00e0 vos besoins, vous pouvez optimiser votre investissement en fonction de vos param\u00e8tres d\u2019op\u00e9rations.<\/p>\n<p>[\/vc_column_text][\/vc_column][vc_column width=\u00a0\u00bb1\/2&Prime;][vc_column_text css=\u00a0\u00bb\u00a0\u00bb]<span style=\"color: #db6f2d;\"><strong><img decoding=\"async\" class=\"alignnone size-full wp-image-6954\" src=\"https:\/\/mcstaging.masterapplied.ca\/wp-content\/uploads\/13px_Bullet.png\" alt=\"\" width=\"13\" height=\"12\" \/>\u00a0 Valorisez l\u2019\u00e9nergie r\u00e9siduelle<\/strong><\/span>[\/vc_column_text][vc_column_text css=\u00a0\u00bb.vc_custom_1747919697226{padding-top: 20px !important;padding-bottom: 20px !important;padding-left: 20px !important;}\u00a0\u00bb]<\/p>\n<p style=\"text-align: justify;\">Ne laisser pas l\u2019\u00e9nergie se perdre ! Avec nos solutions de r\u00e9cup\u00e9ration \u00e9nerg\u00e9tique et de boucle \u00e9nerg\u00e9tique, vous pouvez transformer la chaleur exc\u00e9dentaire en une ressource pr\u00e9cieuse. La chaleur g\u00e9n\u00e9r\u00e9e par vos syst\u00e8mes de climatisation ou processus industriels peut \u00eatre capt\u00e9e, redistribu\u00e9e et r\u00e9utilis\u00e9e pour chauffer d\u2019autres espaces, produire de l\u2019eau chaude domestique ou alimenter d\u2019autres processus \u00e9nerg\u00e9tiques. Cette approche peut am\u00e9liorer l\u2019efficacit\u00e9 \u00e9nerg\u00e9tique, sous r\u00e9serve d\u2019une analyse technique adapt\u00e9e \u00e0 chaque projet.<\/p>\n<p>[\/vc_column_text][vc_column_text css=\u00a0\u00bb\u00a0\u00bb]<span style=\"color: #db6f2d;\"><strong><img decoding=\"async\" class=\"alignnone size-full wp-image-6954\" src=\"https:\/\/mcstaging.masterapplied.ca\/wp-content\/uploads\/13px_Bullet.png\" alt=\"\" width=\"13\" height=\"12\" \/>\u00a0 Investissez dans des b\u00e2timents durables<\/strong><\/span>[\/vc_column_text][vc_column_text css=\u00a0\u00bb.vc_custom_1747919724279{padding-top: 20px !important;padding-bottom: 20px !important;padding-left: 20px !important;}\u00a0\u00bb]<\/p>\n<p style=\"text-align: justify;\">Le futur est aux b\u00e2timents \u00e0 consommation \u00e9nerg\u00e9tique faible. En collaborant avec nos experts, vous pouvez concevoir des infrastructures qui int\u00e8grent les meilleures technologies passives et actives, minimisant ainsi votre impact environnemental. Avec Groupe Master, construisez un patrimoine immobilier \u00e9cologique et \u00e9conomique.<\/p>\n<p>[\/vc_column_text][vc_column_text css=\u00a0\u00bb\u00a0\u00bb]<span style=\"color: #db6f2d;\"><strong><img decoding=\"async\" class=\"alignnone size-full wp-image-6954\" src=\"https:\/\/mcstaging.masterapplied.ca\/wp-content\/uploads\/13px_Bullet.png\" alt=\"\" width=\"13\" height=\"12\" \/>\u00a0 Choisissez des r\u00e9frig\u00e9rants \u00e0 faible impact<\/strong><\/span>[\/vc_column_text][vc_column_text css=\u00a0\u00bb.vc_custom_1747919745958{padding-top: 20px !important;padding-bottom: 20px !important;padding-left: 20px !important;}\u00a0\u00bb]<\/p>\n<p style=\"text-align: justify;\">Saviez-vous que les hydrofluorocarbures (HFC) accentuent les changements climatiques? En collaborant avec Le Groupe Master, vous pouvez opter pour des r\u00e9frig\u00e9rants \u00e0 faible potentiel de r\u00e9chauffement global (PRG), conform\u00e9ment aux r\u00e9glementations canadiennes en vigueur et aux normes internationales reconnues.<\/p>\n<p>[\/vc_column_text][\/vc_column][\/vc_row][vc_row css=\u00a0\u00bb.vc_custom_1747919928950{padding-top: 20px !important;}\u00a0\u00bb][vc_column width=\u00a0\u00bb1\/3&Prime;][vc_single_image image=\u00a0\u00bb7374&Prime; img_size=\u00a0\u00bbfull\u00a0\u00bb css=\u00a0\u00bb.vc_custom_1747918703464{padding-top: 15px !important;}\u00a0\u00bb][\/vc_column][vc_column width=\u00a0\u00bb2\/3&Prime;][vc_column_text css=\u00a0\u00bb\u00a0\u00bb]<\/p>\n<h3><span style=\"color: #db6f2d;\"><strong>Surmontez les d\u00e9fis et saisissez les opportunit\u00e9s<\/strong><\/span><\/h3>\n<p>[\/vc_column_text][vc_column_text css=\u00a0\u00bb.vc_custom_1747919772462{padding-top: 20px !important;}\u00a0\u00bb]<\/p>\n<p style=\"text-align: justify;\">Le Groupe Master est \u00e0 vos c\u00f4t\u00e9s pour transformer chaque investissement en une opportunit\u00e9 de croissance. Gr\u00e2ce \u00e0 nos solutions sur mesure et \u00e0 l\u2019appui de nombreux programmes gouvernementaux et subventions, vos projets deviennent plus accessibles que jamais. Offrez-vous des syst\u00e8mes \u00e0 la fine pointe de la technologie et prenez une longueur d\u2019avance dans un march\u00e9 en constante \u00e9volution.<\/p>\n<p><strong>Faites confiance \u00e0 Le Groupe Master pour transformer vos d\u00e9fis en opportunit\u00e9s et propulser votre entreprise vers le succ\u00e8s.<\/strong><\/p>\n<p><span style=\"color: #ec6608;\"><strong>Pour plus d\u2019information, parlez \u00e0 votre repr\u00e9sentant!<\/strong><\/span>[\/vc_column_text][\/vc_column][\/vc_row]<\/p>\n<\/div>","protected":false},"excerpt":{"rendered":"<p>[vc_row full_width=\u00a0\u00bbstretch_row\u00a0\u00bb][vc_column width=\u00a0\u00bb1\/3&Prime;][vc_single_image image=\u00a0\u00bb7364&Prime; img_size=\u00a0\u00bbfull\u00a0\u00bb css=\u00a0\u00bb.vc_custom_1747916630271{padding-top: 15px !important;}\u00a0\u00bb][\/vc_column][vc_column width=\u00a0\u00bb2\/3&Prime;][vc_column_text css=\u00a0\u00bb\u00a0\u00bb] La d\u00e9carbonation au Canada : Un chemin vers un avenir durable [\/vc_column_text][vc_column_text css=\u00a0\u00bb.vc_custom_1747919568609{padding-top: 20px !important;padding-bottom: 20px !important;}\u00a0\u00bb] La d\u00e9carbonation, qui se traduit par la transition vers un syst\u00e8me \u00e9conomique \u00e0 faibles \u00e9missions de carbone, est essentielle pour limiter les impacts du changement climatique. Ce processus &#8230; <a title=\"D\u00e9carbonation\" class=\"read-more\" href=\"https:\/\/masterapplied.ca\/fr\/decarbonation\/\" aria-label=\"More on D\u00e9carbonation\">Lire la suite<\/a><\/p>\n","protected":false},"author":4,"featured_media":7380,"parent":0,"menu_order":0,"comment_status":"closed","ping_status":"closed","template":"","meta":{"_acf_changed":false,"footnotes":""},"class_list":["post-7383","page","type-page","status-publish","has-post-thumbnail"],"acf":[],"yoast_head":"<!-- This site is optimized with the Yoast SEO plugin v27.3 - https:\/\/yoast.com\/product\/yoast-seo-wordpress\/ -->\n<title>D\u00e9carbonation - Master Business Solutions<\/title>\n<meta name=\"robots\" content=\"index, follow, max-snippet:-1, max-image-preview:large, max-video-preview:-1\" \/>\n<link rel=\"canonical\" href=\"https:\/\/masterapplied.ca\/fr\/decarbonation\/\" \/>\n<meta property=\"og:locale\" content=\"fr_FR\" \/>\n<meta property=\"og:type\" content=\"article\" \/>\n<meta property=\"og:title\" content=\"D\u00e9carbonation - Master Business Solutions\" \/>\n<meta property=\"og:description\" content=\"[vc_row full_width=\u00a0\u00bbstretch_row\u00a0\u00bb][vc_column width=\u00a0\u00bb1\/3&Prime;][vc_single_image image=\u00a0\u00bb7364&Prime; img_size=\u00a0\u00bbfull\u00a0\u00bb css=\u00a0\u00bb.vc_custom_1747916630271{padding-top: 15px !important;}\u00a0\u00bb][\/vc_column][vc_column width=\u00a0\u00bb2\/3&Prime;][vc_column_text css=\u00a0\u00bb\u00a0\u00bb] La d\u00e9carbonation au Canada : Un chemin vers un avenir durable [\/vc_column_text][vc_column_text css=\u00a0\u00bb.vc_custom_1747919568609{padding-top: 20px !important;padding-bottom: 20px !important;}\u00a0\u00bb] La d\u00e9carbonation, qui se traduit par la transition vers un syst\u00e8me \u00e9conomique \u00e0 faibles \u00e9missions de carbone, est essentielle pour limiter les impacts du changement climatique. Ce processus ... Lire la suite\" \/>\n<meta property=\"og:url\" content=\"https:\/\/masterapplied.ca\/fr\/decarbonation\/\" \/>\n<meta property=\"og:site_name\" content=\"Master Business Solutions\" \/>\n<meta property=\"article:modified_time\" content=\"2025-05-22T13:18:56+00:00\" \/>\n<meta property=\"og:image\" content=\"https:\/\/masterapplied.ca\/wp-content\/uploads\/Decarbonization_Final-1.jpg\" \/>\n\t<meta property=\"og:image:width\" content=\"1920\" \/>\n\t<meta property=\"og:image:height\" content=\"600\" \/>\n\t<meta property=\"og:image:type\" content=\"image\/jpeg\" \/>\n<meta name=\"twitter:card\" content=\"summary_large_image\" \/>\n<meta name=\"twitter:label1\" content=\"Dur\u00e9e de lecture estim\u00e9e\" \/>\n\t<meta name=\"twitter:data1\" content=\"6 minutes\" \/>\n<script type=\"application\/ld+json\" class=\"yoast-schema-graph\">{\"@context\":\"https:\\\/\\\/schema.org\",\"@graph\":[{\"@type\":\"WebPage\",\"@id\":\"https:\\\/\\\/masterapplied.ca\\\/fr\\\/decarbonation\\\/\",\"url\":\"https:\\\/\\\/masterapplied.ca\\\/fr\\\/decarbonation\\\/\",\"name\":\"D\u00e9carbonation - Master Business Solutions\",\"isPartOf\":{\"@id\":\"https:\\\/\\\/masterapplied.ca\\\/#website\"},\"primaryImageOfPage\":{\"@id\":\"https:\\\/\\\/masterapplied.ca\\\/fr\\\/decarbonation\\\/#primaryimage\"},\"image\":{\"@id\":\"https:\\\/\\\/masterapplied.ca\\\/fr\\\/decarbonation\\\/#primaryimage\"},\"thumbnailUrl\":\"https:\\\/\\\/masterapplied.ca\\\/wp-content\\\/uploads\\\/Decarbonization_Final-1.jpg\",\"datePublished\":\"2025-05-22T12:37:56+00:00\",\"dateModified\":\"2025-05-22T13:18:56+00:00\",\"breadcrumb\":{\"@id\":\"https:\\\/\\\/masterapplied.ca\\\/fr\\\/decarbonation\\\/#breadcrumb\"},\"inLanguage\":\"fr-FR\",\"potentialAction\":[{\"@type\":\"ReadAction\",\"target\":[\"https:\\\/\\\/masterapplied.ca\\\/fr\\\/decarbonation\\\/\"]}]},{\"@type\":\"ImageObject\",\"inLanguage\":\"fr-FR\",\"@id\":\"https:\\\/\\\/masterapplied.ca\\\/fr\\\/decarbonation\\\/#primaryimage\",\"url\":\"https:\\\/\\\/masterapplied.ca\\\/wp-content\\\/uploads\\\/Decarbonization_Final-1.jpg\",\"contentUrl\":\"https:\\\/\\\/masterapplied.ca\\\/wp-content\\\/uploads\\\/Decarbonization_Final-1.jpg\",\"width\":1920,\"height\":600},{\"@type\":\"BreadcrumbList\",\"@id\":\"https:\\\/\\\/masterapplied.ca\\\/fr\\\/decarbonation\\\/#breadcrumb\",\"itemListElement\":[{\"@type\":\"ListItem\",\"position\":1,\"name\":\"Home\",\"item\":\"https:\\\/\\\/masterapplied.ca\\\/fr\\\/\"},{\"@type\":\"ListItem\",\"position\":2,\"name\":\"D\u00e9carbonation\"}]},{\"@type\":\"WebSite\",\"@id\":\"https:\\\/\\\/masterapplied.ca\\\/#website\",\"url\":\"https:\\\/\\\/masterapplied.ca\\\/\",\"name\":\"Master Business Solutions\",\"description\":\"\",\"publisher\":{\"@id\":\"https:\\\/\\\/masterapplied.ca\\\/#organization\"},\"potentialAction\":[{\"@type\":\"SearchAction\",\"target\":{\"@type\":\"EntryPoint\",\"urlTemplate\":\"https:\\\/\\\/masterapplied.ca\\\/?s={search_term_string}\"},\"query-input\":{\"@type\":\"PropertyValueSpecification\",\"valueRequired\":true,\"valueName\":\"search_term_string\"}}],\"inLanguage\":\"fr-FR\"},{\"@type\":\"Organization\",\"@id\":\"https:\\\/\\\/masterapplied.ca\\\/#organization\",\"name\":\"Master Business Solutions\",\"url\":\"https:\\\/\\\/masterapplied.ca\\\/\",\"logo\":{\"@type\":\"ImageObject\",\"inLanguage\":\"fr-FR\",\"@id\":\"https:\\\/\\\/masterapplied.ca\\\/#\\\/schema\\\/logo\\\/image\\\/\",\"url\":\"https:\\\/\\\/masterapplied.ca\\\/wp-content\\\/uploads\\\/2023\\\/12\\\/logo_master_business_solution_EN599.webp\",\"contentUrl\":\"https:\\\/\\\/masterapplied.ca\\\/wp-content\\\/uploads\\\/2023\\\/12\\\/logo_master_business_solution_EN599.webp\",\"width\":298,\"height\":126,\"caption\":\"Master Business Solutions\"},\"image\":{\"@id\":\"https:\\\/\\\/masterapplied.ca\\\/#\\\/schema\\\/logo\\\/image\\\/\"}}]}<\/script>\n<!-- \/ Yoast SEO plugin. -->","yoast_head_json":{"title":"D\u00e9carbonation - Master Business Solutions","robots":{"index":"index","follow":"follow","max-snippet":"max-snippet:-1","max-image-preview":"max-image-preview:large","max-video-preview":"max-video-preview:-1"},"canonical":"https:\/\/masterapplied.ca\/fr\/decarbonation\/","og_locale":"fr_FR","og_type":"article","og_title":"D\u00e9carbonation - Master Business Solutions","og_description":"[vc_row full_width=\u00a0\u00bbstretch_row\u00a0\u00bb][vc_column width=\u00a0\u00bb1\/3&Prime;][vc_single_image image=\u00a0\u00bb7364&Prime; img_size=\u00a0\u00bbfull\u00a0\u00bb css=\u00a0\u00bb.vc_custom_1747916630271{padding-top: 15px !important;}\u00a0\u00bb][\/vc_column][vc_column width=\u00a0\u00bb2\/3&Prime;][vc_column_text css=\u00a0\u00bb\u00a0\u00bb] La d\u00e9carbonation au Canada : Un chemin vers un avenir durable [\/vc_column_text][vc_column_text css=\u00a0\u00bb.vc_custom_1747919568609{padding-top: 20px !important;padding-bottom: 20px !important;}\u00a0\u00bb] La d\u00e9carbonation, qui se traduit par la transition vers un syst\u00e8me \u00e9conomique \u00e0 faibles \u00e9missions de carbone, est essentielle pour limiter les impacts du changement climatique. Ce processus ... Lire la suite","og_url":"https:\/\/masterapplied.ca\/fr\/decarbonation\/","og_site_name":"Master Business Solutions","article_modified_time":"2025-05-22T13:18:56+00:00","og_image":[{"width":1920,"height":600,"url":"https:\/\/masterapplied.ca\/wp-content\/uploads\/Decarbonization_Final-1.jpg","type":"image\/jpeg"}],"twitter_card":"summary_large_image","twitter_misc":{"Dur\u00e9e de lecture estim\u00e9e":"6 minutes"},"schema":{"@context":"https:\/\/schema.org","@graph":[{"@type":"WebPage","@id":"https:\/\/masterapplied.ca\/fr\/decarbonation\/","url":"https:\/\/masterapplied.ca\/fr\/decarbonation\/","name":"D\u00e9carbonation - Master Business Solutions","isPartOf":{"@id":"https:\/\/masterapplied.ca\/#website"},"primaryImageOfPage":{"@id":"https:\/\/masterapplied.ca\/fr\/decarbonation\/#primaryimage"},"image":{"@id":"https:\/\/masterapplied.ca\/fr\/decarbonation\/#primaryimage"},"thumbnailUrl":"https:\/\/masterapplied.ca\/wp-content\/uploads\/Decarbonization_Final-1.jpg","datePublished":"2025-05-22T12:37:56+00:00","dateModified":"2025-05-22T13:18:56+00:00","breadcrumb":{"@id":"https:\/\/masterapplied.ca\/fr\/decarbonation\/#breadcrumb"},"inLanguage":"fr-FR","potentialAction":[{"@type":"ReadAction","target":["https:\/\/masterapplied.ca\/fr\/decarbonation\/"]}]},{"@type":"ImageObject","inLanguage":"fr-FR","@id":"https:\/\/masterapplied.ca\/fr\/decarbonation\/#primaryimage","url":"https:\/\/masterapplied.ca\/wp-content\/uploads\/Decarbonization_Final-1.jpg","contentUrl":"https:\/\/masterapplied.ca\/wp-content\/uploads\/Decarbonization_Final-1.jpg","width":1920,"height":600},{"@type":"BreadcrumbList","@id":"https:\/\/masterapplied.ca\/fr\/decarbonation\/#breadcrumb","itemListElement":[{"@type":"ListItem","position":1,"name":"Home","item":"https:\/\/masterapplied.ca\/fr\/"},{"@type":"ListItem","position":2,"name":"D\u00e9carbonation"}]},{"@type":"WebSite","@id":"https:\/\/masterapplied.ca\/#website","url":"https:\/\/masterapplied.ca\/","name":"Master Business Solutions","description":"","publisher":{"@id":"https:\/\/masterapplied.ca\/#organization"},"potentialAction":[{"@type":"SearchAction","target":{"@type":"EntryPoint","urlTemplate":"https:\/\/masterapplied.ca\/?s={search_term_string}"},"query-input":{"@type":"PropertyValueSpecification","valueRequired":true,"valueName":"search_term_string"}}],"inLanguage":"fr-FR"},{"@type":"Organization","@id":"https:\/\/masterapplied.ca\/#organization","name":"Master Business Solutions","url":"https:\/\/masterapplied.ca\/","logo":{"@type":"ImageObject","inLanguage":"fr-FR","@id":"https:\/\/masterapplied.ca\/#\/schema\/logo\/image\/","url":"https:\/\/masterapplied.ca\/wp-content\/uploads\/2023\/12\/logo_master_business_solution_EN599.webp","contentUrl":"https:\/\/masterapplied.ca\/wp-content\/uploads\/2023\/12\/logo_master_business_solution_EN599.webp","width":298,"height":126,"caption":"Master Business Solutions"},"image":{"@id":"https:\/\/masterapplied.ca\/#\/schema\/logo\/image\/"}}]}},"_links":{"self":[{"href":"https:\/\/masterapplied.ca\/fr\/wp-json\/wp\/v2\/pages\/7383","targetHints":{"allow":["GET"]}}],"collection":[{"href":"https:\/\/masterapplied.ca\/fr\/wp-json\/wp\/v2\/pages"}],"about":[{"href":"https:\/\/masterapplied.ca\/fr\/wp-json\/wp\/v2\/types\/page"}],"author":[{"embeddable":true,"href":"https:\/\/masterapplied.ca\/fr\/wp-json\/wp\/v2\/users\/4"}],"replies":[{"embeddable":true,"href":"https:\/\/masterapplied.ca\/fr\/wp-json\/wp\/v2\/comments?post=7383"}],"version-history":[{"count":2,"href":"https:\/\/masterapplied.ca\/fr\/wp-json\/wp\/v2\/pages\/7383\/revisions"}],"predecessor-version":[{"id":7385,"href":"https:\/\/masterapplied.ca\/fr\/wp-json\/wp\/v2\/pages\/7383\/revisions\/7385"}],"wp:featuredmedia":[{"embeddable":true,"href":"https:\/\/masterapplied.ca\/fr\/wp-json\/wp\/v2\/media\/7380"}],"wp:attachment":[{"href":"https:\/\/masterapplied.ca\/fr\/wp-json\/wp\/v2\/media?parent=7383"}],"curies":[{"name":"wp","href":"https:\/\/api.w.org\/{rel}","templated":true}]}}